{"id":648,"date":"2018-04-10T09:12:32","date_gmt":"2018-04-10T09:12:32","guid":{"rendered":"https:\/\/bioxtra.be\/product\/dentifrice-doux-pour-bouche-seche-50ml\/"},"modified":"2022-05-16T12:55:49","modified_gmt":"2022-05-16T12:55:49","slug":"dentifrice-doux-pour-bouche-seche-50ml","status":"publish","type":"product","link":"https:\/\/bioxtra.be\/fr\/produit\/dentifrice-doux-pour-bouche-seche-50ml\/","title":{"rendered":"Dentifrice doux pour bouche s\u00e8che 50ml"},"content":{"rendered":"","protected":false},"excerpt":{"rendered":"<p>Le dentifrice doux bioXtra r\u00e9g\u00e9n\u00e8re la salive naturelle en r\u00e9gulant le microenvironnement. La formulation au go\u00fbt doux prot\u00e8ge contre la croissance collante, renforce l&rsquo;\u00e9mail, aide \u00e0 prot\u00e9ger contre le d\u00e9veloppement de caries et soulage les sympt\u00f4mes<br \/>\net cons\u00e9quences d&rsquo;une bouche s\u00e8che (x\u00e9rostomie). Le dentifrice aide \u00e0 garder la bouche saine et favorise une haleine fra\u00eeche.<\/p>\n<p>bioXtra est un dentifrice peu moussant.<\/p>\n<p><a class=\"button secondary bbll\" href=\"https:\/\/bioxtra.be\/wp-content\/uploads\/2022\/05\/cPDF-00076130-NOTICE-BIOX-B-Noire-en-fr-nl-de-fi-sv-CE1639-22v.1-1-130122.pdf\" target=\"_blank\" rel=\"noopener noreferrer\">Manuel d&rsquo;utilisation<i class=\"fa fa-download\"><\/i><\/a><\/p>\n<p>&nbsp;<\/p>\n<p>&nbsp;<\/p>\n<p>Ce produit est un dispositif m\u00e9dical de classe IIA<\/p>\n","protected":false},"featured_media":649,"template":"","meta":[],"product_brand":[],"product_cat":[62],"product_tag":[69],"class_list":{"0":"post-648","1":"product","2":"type-product","3":"status-publish","4":"has-post-thumbnail","6":"product_cat-bioxtra-fr","7":"product_tag-dentifrice","9":"first","10":"outofstock","11":"taxable","12":"shipping-taxable","13":"purchasable","14":"product-type-simple"},"_links":{"self":[{"href":"https:\/\/bioxtra.be\/fr\/wp-json\/wp\/v2\/product\/648","targetHints":{"allow":["GET"]}}],"collection":[{"href":"https:\/\/bioxtra.be\/fr\/wp-json\/wp\/v2\/product"}],"about":[{"href":"https:\/\/bioxtra.be\/fr\/wp-json\/wp\/v2\/types\/product"}],"wp:featuredmedia":[{"embeddable":true,"href":"https:\/\/bioxtra.be\/fr\/wp-json\/wp\/v2\/media\/649"}],"wp:attachment":[{"href":"https:\/\/bioxtra.be\/fr\/wp-json\/wp\/v2\/media?parent=648"}],"wp:term":[{"taxonomy":"product_brand","embeddable":true,"href":"https:\/\/bioxtra.be\/fr\/wp-json\/wp\/v2\/product_brand?post=648"},{"taxonomy":"product_cat","embeddable":true,"href":"https:\/\/bioxtra.be\/fr\/wp-json\/wp\/v2\/product_cat?post=648"},{"taxonomy":"product_tag","embeddable":true,"href":"https:\/\/bioxtra.be\/fr\/wp-json\/wp\/v2\/product_tag?post=648"}],"curies":[{"name":"wp","href":"https:\/\/api.w.org\/{rel}","templated":true}]}}