{"id":642,"date":"2019-06-21T21:54:47","date_gmt":"2019-06-21T21:54:47","guid":{"rendered":"https:\/\/bioxtra.be\/product\/trockener-mund-mund-gel\/"},"modified":"2022-05-16T12:56:45","modified_gmt":"2022-05-16T12:56:45","slug":"gel-bouche-seche-bouche","status":"publish","type":"product","link":"https:\/\/bioxtra.be\/fr\/produit\/gel-bouche-seche-bouche\/","title":{"rendered":"Gel bouche s\u00e8che bouche"},"content":{"rendered":"","protected":false},"excerpt":{"rendered":"<p>Le gel bioXtra Mouth agit comme un substitut efficace \u00e0 la salive naturelle en r\u00e9gulant le microenvironnement dans la bouche. La formulation unique contient<br \/>\nhydratants intensifs qui procurent des heures de soulagement et soulagent les sympt\u00f4mes et les effets de la bouche s\u00e8che (x\u00e9rostomie). Il aide \u00e0 garder les dents et les gencives en bonne sant\u00e9.<\/p>\n<p>Appliquez le gel, surtout pour la nuit, sur les gencives ou sous la proth\u00e8se pour une hydratation et un confort longue dur\u00e9e.<\/p>\n<p><a class=\"button secondary bbll\" href=\"https:\/\/bioxtra.be\/wp-content\/uploads\/2022\/05\/cPDF-00076130-NOTICE-BIOX-B-Noire-en-fr-nl-de-fi-sv-CE1639-22v.1-1-130122.pdf\" target=\"_blank\" rel=\"noopener noreferrer\">Manuel d&rsquo;utilisation<i class=\"fa fa-download\"><\/i><\/a><\/p>\n<p>&nbsp;<\/p>\n<p>&nbsp;<\/p>\n<p>Ce produit est un dispositif m\u00e9dical de classe IIA<\/p>\n","protected":false},"featured_media":643,"template":"","meta":[],"product_brand":[],"product_cat":[62],"product_tag":[64,65,66],"class_list":{"0":"post-642","1":"product","2":"type-product","3":"status-publish","4":"has-post-thumbnail","6":"product_cat-bioxtra-fr","7":"product_tag-bouche-seche","8":"product_tag-gel-fr","9":"product_tag-mini-fr","11":"first","12":"instock","13":"taxable","14":"shipping-taxable","15":"purchasable","16":"product-type-simple"},"_links":{"self":[{"href":"https:\/\/bioxtra.be\/fr\/wp-json\/wp\/v2\/product\/642","targetHints":{"allow":["GET"]}}],"collection":[{"href":"https:\/\/bioxtra.be\/fr\/wp-json\/wp\/v2\/product"}],"about":[{"href":"https:\/\/bioxtra.be\/fr\/wp-json\/wp\/v2\/types\/product"}],"wp:featuredmedia":[{"embeddable":true,"href":"https:\/\/bioxtra.be\/fr\/wp-json\/wp\/v2\/media\/643"}],"wp:attachment":[{"href":"https:\/\/bioxtra.be\/fr\/wp-json\/wp\/v2\/media?parent=642"}],"wp:term":[{"taxonomy":"product_brand","embeddable":true,"href":"https:\/\/bioxtra.be\/fr\/wp-json\/wp\/v2\/product_brand?post=642"},{"taxonomy":"product_cat","embeddable":true,"href":"https:\/\/bioxtra.be\/fr\/wp-json\/wp\/v2\/product_cat?post=642"},{"taxonomy":"product_tag","embeddable":true,"href":"https:\/\/bioxtra.be\/fr\/wp-json\/wp\/v2\/product_tag?post=642"}],"curies":[{"name":"wp","href":"https:\/\/api.w.org\/{rel}","templated":true}]}}