{"id":952,"date":"2021-11-18T09:49:55","date_gmt":"2021-11-18T09:49:55","guid":{"rendered":"https:\/\/bioxtra.be\/?page_id=952"},"modified":"2021-11-18T09:51:19","modified_gmt":"2021-11-18T09:51:19","slug":"politique","status":"publish","type":"page","link":"https:\/\/bioxtra.be\/fr\/politique\/","title":{"rendered":"politique de confidentialite"},"content":{"rendered":"<div class='flex_column av-av_one_full-a93934ecd89fbb8a9566d39e89cd3725 av_one_full  avia-builder-el-0  avia-builder-el-no-sibling  first flex_column_div '     ><section  class='av_textblock_section av-kw4rvaoy-5653c37f63bd198e9aea0de34163e046'  itemscope=\"itemscope\" itemtype=\"https:\/\/schema.org\/CreativeWork\" ><div class='avia_textblock'  itemprop=\"text\" ><h2><strong>POLITIQUE DE CONFIDENTIALIT\u00c9<\/strong><\/h2>\n<p>Caresse Cosmetics BV propose des services et des produits via son site Web (y compris bioxtra.nl), sur lesquels vos donn\u00e9es personnelles sont trait\u00e9es, \u00e9galement appel\u00e9es donn\u00e9es personnelles. Les donn\u00e9es personnelles sont soigneusement trait\u00e9es et s\u00e9curis\u00e9es par nos soins, ce qui nous permet de nous conformer aux exigences de la l\u00e9gislation sur la protection de la vie priv\u00e9e (RGPD).<\/p>\n<p><strong>Quelles donn\u00e9es personnelles utilisons-nous ?<\/strong><br \/>\nLorsque vous utilisez nos services et sites Web, vous laissez certaines informations derri\u00e8re vous. Il peut s&rsquo;agir de donn\u00e9es personnelles. Vous trouverez ci-dessous un aper\u00e7u des donn\u00e9es que vous pouvez nous fournir. Par exemple, si vous passez une commande en ligne ou vous abonnez \u00e0 notre newsletter :<\/p>\n<p>Nom et pr\u00e9nom;<br \/>\nDonn\u00e9es d&rsquo;adresse\u00a0;<br \/>\nNum\u00e9ro de t\u00e9l\u00e9phone;<br \/>\nAdresse e-mail;<br \/>\nD\u00e9tails de paiement;<br \/>\nHistorique d&rsquo;achat;<br \/>\nAutres donn\u00e9es personnelles que vous nous fournissez activement, par exemple les donn\u00e9es que vous nous fournissez par correspondance (\u00e0 la fois verbalement et par \u00e9crit).<\/p>\n<p>En outre, des donn\u00e9es sont \u00e9galement collect\u00e9es automatiquement lorsque vous visitez nos sites Web (en fonction des param\u00e8tres des cookies)\u00a0:<\/p>\n<p>Donn\u00e9es de localisation;<\/p>\n<p>Activit\u00e9s sur le(s) site(s) Web\u00a0;<br \/>\nAdresse IP (temporaire) et, si possible, le site ou l&rsquo;e-mail d&rsquo;origine\u00a0;<br \/>\nNavigateur Internet et type d&rsquo;appareil\u00a0;<\/p>\n<p><strong>Quelle est la base et dans quel but utilisons-nous vos donn\u00e9es personnelles ?<\/strong><br \/>\nConform\u00e9ment \u00e0 la l\u00e9gislation sur la confidentialit\u00e9, nous ne pouvons utiliser vos donn\u00e9es que s&rsquo;il existe une base l\u00e9gale. Nous traitons vos donn\u00e9es personnelles si vous nous en avez donn\u00e9 l&rsquo;autorisation, sur la base de l&rsquo;ex\u00e9cution du contrat, d&rsquo;un int\u00e9r\u00eat l\u00e9gitime ou du respect d&rsquo;une obligation l\u00e9gale aux fins suivantes :<\/p>\n<p>Envoi de la commande, traitement du paiement et communication de la commande ;<br \/>\nPr\u00e9venir et combattre la fraude\u00a0;<br \/>\nIdentification;<br \/>\nS\u00e9curit\u00e9;<br \/>\nActions promotionnelles\u00a0;<br \/>\ndes m\u00e9dias sociaux;<br \/>\nConseils personnalis\u00e9s\u00a0;<br \/>\nContact avec notre service client;<br \/>\nNewsletter et e-mail\u00a0;<br \/>\nAvis et enqu\u00eate de satisfaction client\u00a0;<br \/>\nAfin de se conformer aux obligations l\u00e9gales, par exemple la l\u00e9gislation fiscale\u00a0;<br \/>\nAnalyser vos activit\u00e9s sur le site Web afin d&rsquo;am\u00e9liorer le site Web et d&rsquo;adapter la gamme de produits et services \u00e0 vos pr\u00e9f\u00e9rences\u00a0;<br \/>\nmarketing direct;<br \/>\nanalyses \u00e0 des fins statistiques et scientifiques;<\/p>\n<p>Si nous avons trait\u00e9 vos donn\u00e9es personnelles \u00e0 ces fins ou \u00e0 d&rsquo;autres fins sur la base d&rsquo;une autorisation, vous pouvez r\u00e9voquer cette autorisation \u00e0 tout moment et sans indication de motifs.<\/p>\n<p><strong>Combien de temps conservons-nous vos donn\u00e9es personnelles ?<\/strong><br \/>\nNous ne stockons et n&rsquo;utilisons pas vos donn\u00e9es plus longtemps que n\u00e9cessaire. Apr\u00e8s cela, nous supprimons toutes les donn\u00e9es personnelles que nous avons sur vous ou nous les anonymisons, car nous avons besoin de certaines donn\u00e9es pour les analyses et rapports internes. Les exceptions sont les donn\u00e9es que nous devons conserver plus longtemps car la loi nous y oblige.<\/p>\n<p><strong>Vous avez moins de 18 ans ?<\/strong><br \/>\nSi vous avez 18 ans ou moins, vous devez avoir l&rsquo;autorisation de vos parents ou tuteurs pour utiliser notre site Web ou passer une commande.<\/p>\n<p><strong>Biscuits<\/strong><br \/>\nNous pouvons utiliser des cookies pour am\u00e9liorer votre exp\u00e9rience sur notre site Web. Un cookie est un petit \u00e9l\u00e9ment d&rsquo;information qui est stock\u00e9 sur votre ordinateur lorsque vous visitez notre site Web. Les cookies permettent \u00e0 notre site Web de vous reconna\u00eetre lorsque vous nous visitez \u00e0 nouveau. Les cookies garantissent \u00e9galement, entre autres, que le site Web est rapide, que vous pouvez visiter notre site Web en toute s\u00e9curit\u00e9 et que nous pouvons d\u00e9tecter des erreurs sur notre site Web. Si vous ne souhaitez pas recevoir de cookies, vous pouvez modifier vos param\u00e8tres dans votre navigateur et supprimer les cookies. Attention : notre site internet fonctionnera alors moins bien.<\/p>\n<p><strong>Gauche<\/strong><br \/>\nNotre site Web peut contenir des liens vers d&rsquo;autres sites Web. Nous ne sommes pas responsables du contenu ou de la protection de la vie priv\u00e9e de ces sites Web. Nous vous conseillons donc de toujours lire la d\u00e9claration de confidentialit\u00e9 du site Web concern\u00e9.<\/p>\n<p>Modifications de cette d\u00e9claration de confidentialit\u00e9<br \/>\nNous pouvons mettre \u00e0 jour cette d\u00e9claration de confidentialit\u00e9 de temps \u00e0 autre. Si nous apportons un changement majeur \u00e0 cette d\u00e9claration de confidentialit\u00e9, nous l&rsquo;annoncerons sur notre site Web.<\/p>\n<p><strong>Partageons-nous vos donn\u00e9es personnelles avec des tiers ?<\/strong><br \/>\nCaresse Cosmetics partage vos donn\u00e9es personnelles avec d&rsquo;autres (tiers) si vous en avez express\u00e9ment donn\u00e9 l&rsquo;autorisation, ou si cela est n\u00e9cessaire pour l&rsquo;ex\u00e9cution de l&rsquo;accord ou sur la base d&rsquo;obligations l\u00e9gales. Les parties qui ont acc\u00e8s \u00e0 vos donn\u00e9es de notre part ne peuvent utiliser ces donn\u00e9es pour vous fournir un service au nom de Caresse Cosmetics ou \u00e0 leurs propres fins que si elles ont une base l\u00e9gale pour le faire, auquel cas elles sont responsables du traitement et protection de vos donn\u00e9es. Pour garantir votre confidentialit\u00e9, nous concluons des accords de traitement avec des parties qui traitent vos donn\u00e9es personnelles au nom de Caresse Cosmetics. En plus de mesures de s\u00e9curit\u00e9 strictes, vos donn\u00e9es sont presque toujours stock\u00e9es au sein de l&rsquo;Union europ\u00e9enne (UE). Dans le cas exceptionnel o\u00f9 des donn\u00e9es sont transf\u00e9r\u00e9es vers des pays en dehors de l&rsquo;UE, nous veillerons \u00e0 ce que votre vie priv\u00e9e reste prot\u00e9g\u00e9e de mani\u00e8re appropri\u00e9e. Caresse Cosmetics reste n\u00e9anmoins enti\u00e8rement responsable de ces traitements et prendra donc toutes les mesures administratives, techniques et physiques raisonnables pour prot\u00e9ger vos donn\u00e9es personnelles contre tout acc\u00e8s non autoris\u00e9, perte accidentelle ou alt\u00e9ration de celles-ci.<\/p>\n<p>Contact (droit d&rsquo;acc\u00e8s et de rectification des donn\u00e9es personnelles)<br \/>\nSi vous souhaitez consulter vos donn\u00e9es personnelles, ou si vous souhaitez modifier ou supprimer des donn\u00e9es, vous pouvez nous joindre \u00e0 l&rsquo;adresse ci-dessous. Vous pouvez facilement vous d\u00e9sinscrire de la newsletter ou ajuster vous-m\u00eame vos pr\u00e9f\u00e9rences d&rsquo;e-mail dans votre compte personnel ou via le lien en bas de la newsletter elle-m\u00eame.<\/p>\n<p>Par e-mail:<br \/>\ninfo@caresse-cosmetics.nl<\/p>\n<p>Par mail:<br \/>\nCaresse Cosm\u00e9tiques BV<br \/>\n\u00e0 l&rsquo;attention du service client<br \/>\nRoute des wagons 250<br \/>\n2012 NP, Haarlem, Pays-Bas.<\/p>\n<p>Si vous pensez que Caresse Cosmetics a utilis\u00e9 vos donn\u00e9es personnelles de mani\u00e8re ill\u00e9gale ou si vous n&rsquo;\u00eates pas satisfait de la r\u00e9ponse de Caresse Cosmetics \u00e0 votre demande d&rsquo;acc\u00e8s, vous avez le droit de le signaler \u00e0 l&rsquo;Autorit\u00e9 n\u00e9erlandaise de protection des donn\u00e9es ou d&rsquo;aller en justice. Vous trouverez plus d&rsquo;informations \u00e0 ce sujet sur https:\/\/www.autoriteitpersoonsgegevens.nl\/.<\/p>\n<\/div><\/section><\/div>\n","protected":false},"excerpt":{"rendered":"","protected":false},"author":1,"featured_media":0,"parent":0,"menu_order":0,"comment_status":"closed","ping_status":"closed","template":"","meta":{"footnotes":""},"class_list":["post-952","page","type-page","status-publish","hentry"],"_links":{"self":[{"href":"https:\/\/bioxtra.be\/fr\/wp-json\/wp\/v2\/pages\/952","targetHints":{"allow":["GET"]}}],"collection":[{"href":"https:\/\/bioxtra.be\/fr\/wp-json\/wp\/v2\/pages"}],"about":[{"href":"https:\/\/bioxtra.be\/fr\/wp-json\/wp\/v2\/types\/page"}],"author":[{"embeddable":true,"href":"https:\/\/bioxtra.be\/fr\/wp-json\/wp\/v2\/users\/1"}],"replies":[{"embeddable":true,"href":"https:\/\/bioxtra.be\/fr\/wp-json\/wp\/v2\/comments?post=952"}],"version-history":[{"count":0,"href":"https:\/\/bioxtra.be\/fr\/wp-json\/wp\/v2\/pages\/952\/revisions"}],"wp:attachment":[{"href":"https:\/\/bioxtra.be\/fr\/wp-json\/wp\/v2\/media?parent=952"}],"curies":[{"name":"wp","href":"https:\/\/api.w.org\/{rel}","templated":true}]}}