{"id":795,"date":"2020-06-09T10:20:30","date_gmt":"2020-06-09T10:20:30","guid":{"rendered":"https:\/\/bioxtra.be\/?page_id=795"},"modified":"2020-06-09T10:28:20","modified_gmt":"2020-06-09T10:28:20","slug":"video","status":"publish","type":"page","link":"https:\/\/bioxtra.be\/fr\/video\/","title":{"rendered":"Video"},"content":{"rendered":"\n<style type=\"text\/css\" data-created_by=\"avia_inline_auto\" id=\"style-css-av-av_one_full-15d750bd1b332b34c6e70b077ebbccdf\">\n.flex_column.av-av_one_full-15d750bd1b332b34c6e70b077ebbccdf{\n-webkit-border-radius:0px 0px 0px 0px;\n-moz-border-radius:0px 0px 0px 0px;\nborder-radius:0px 0px 0px 0px;\npadding:0px 0px 0px 0px;\n}\n<\/style>\n<div class='flex_column av-av_one_full-15d750bd1b332b34c6e70b077ebbccdf av_one_full  avia-builder-el-0  el_before_av_hr  avia-builder-el-first  first flex_column_div av-zero-column-padding '     ><p>\n<style type=\"text\/css\" data-created_by=\"avia_inline_auto\" id=\"style-css-av-av_image-2e7e7a7a40d6e22b45446a9587267022\">\n.avia-image-container.av-av_image-2e7e7a7a40d6e22b45446a9587267022 img.avia_image{\nbox-shadow:none;\n}\n.avia-image-container.av-av_image-2e7e7a7a40d6e22b45446a9587267022 .av-image-caption-overlay-center{\ncolor:#ffffff;\n}\n<\/style>\n<div  class='avia-image-container av-av_image-2e7e7a7a40d6e22b45446a9587267022 av-styling- avia-align-center  avia-builder-el-1  el_before_av_textblock  avia-builder-el-first '   itemprop=\"image\" itemscope=\"itemscope\" itemtype=\"https:\/\/schema.org\/ImageObject\" ><div class=\"avia-image-container-inner\"><div class=\"avia-image-overlay-wrap\"><img decoding=\"async\" class='wp-image-804 avia-img-lazy-loading-not-804 avia_image ' src=\"https:\/\/bioxtra.be\/wp-content\/uploads\/2020\/06\/video-head-1.jpg\" alt='video-header' title='video-head'  height=\"500\" width=\"730\"  itemprop=\"thumbnailUrl\" srcset=\"https:\/\/bioxtra.be\/wp-content\/uploads\/2020\/06\/video-head-1.jpg 730w, https:\/\/bioxtra.be\/wp-content\/uploads\/2020\/06\/video-head-1-300x205.jpg 300w, https:\/\/bioxtra.be\/wp-content\/uploads\/2020\/06\/video-head-1-705x483.jpg 705w, https:\/\/bioxtra.be\/wp-content\/uploads\/2020\/06\/video-head-1-500x342.jpg 500w\" sizes=\"(max-width: 730px) 100vw, 730px\" \/><\/div><\/div><\/div><br \/>\n<section  class='av_textblock_section av-av_textblock-2bd894dbf2e4bf2c4acf98ce4fbf94aa'  itemscope=\"itemscope\" itemtype=\"https:\/\/schema.org\/CreativeWork\" ><div class='avia_textblock'  itemprop=\"text\" ><p style=\"font-size: 20px;\">Toute r\u00e9duction de la production de salive peut entra\u00eener une affection connue sous le nom de bouche s\u00e8che, appel\u00e9e aussi x\u00e9rostomie. Une bouche s\u00e8che peut d\u00e9ranger l\u2019\u00e9quilibre naturel de la bouche et entra\u00eener un inconfort, une mauvaise sant\u00e9 buccale, une mauvaise haleine et m\u00eame avoir une incidence sur la sant\u00e9 g\u00e9n\u00e9rale et le bien-\u00eatre. Cette vid\u00e9o vous donne plus d&rsquo;informations sur les causes, les cons\u00e9quences et le traitement de la bouche s\u00e8che.<\/p>\n<\/div><\/section><\/p><\/div><div  class='hr av-av_hr-7190f10d7a992913b84f58afd9ce22bd hr-full  avia-builder-el-3  el_after_av_one_full  el_before_av_one_half  videoru hr-no-shadow'><span class='hr-inner '><span class=\"hr-inner-style\"><\/span><\/span><\/div><\/p>\n<div class='flex_column_table av-av_one_half-98d7e62f3a99401b22a870a5644bedbe sc-av_one_half av-equal-height-column-flextable'>\n<style type=\"text\/css\" data-created_by=\"avia_inline_auto\" id=\"style-css-av-av_one_half-98d7e62f3a99401b22a870a5644bedbe\">\n.flex_column.av-av_one_half-98d7e62f3a99401b22a870a5644bedbe{\n-webkit-border-radius:0px 0px 0px 0px;\n-moz-border-radius:0px 0px 0px 0px;\nborder-radius:0px 0px 0px 0px;\npadding:0px 0px 0px 0px;\n}\n<\/style>\n<div class='flex_column av-av_one_half-98d7e62f3a99401b22a870a5644bedbe av_one_half  avia-builder-el-4  el_after_av_hr  el_before_av_one_half  first flex_column_table_cell av-equal-height-column av-align-middle av-zero-column-padding '     ><div  class='avia-video av-av_video-732978af3808ee7fe9282fa7428d41e8 avia-video-16-9 av-no-preview-image avia-video-load-always av-lazyload-immediate av-lazyload-video-embed'  itemprop=\"video\" itemtype=\"https:\/\/schema.org\/VideoObject\"  data-original_url='https:\/\/www.youtube.com\/watch?v=TuAclcaj2Wg'><script type='text\/html' class='av-video-tmpl'><div class='avia-iframe-wrap'><iframe loading=\"lazy\" title=\"BIOXTRA  -  Dry Mouth Relief - Prof.  Sandra Nuyts. UZ Leuven\" width=\"1333\" height=\"1000\" src=\"https:\/\/www.youtube.com\/embed\/TuAclcaj2Wg?feature=oembed&autoplay=0&loop=0&controls=1&mute=0\" frameborder=\"0\" allow=\"accelerometer; autoplay; encrypted-media; gyroscope; picture-in-picture\" allowfullscreen><\/iframe><\/div><\/script><div class='av-click-to-play-overlay'><div class=\"avia_playpause_icon\"><\/div><\/div><\/div><\/div>\n<div class='av-flex-placeholder'><\/div>\n<style type=\"text\/css\" data-created_by=\"avia_inline_auto\" id=\"style-css-av-av_one_half-c8fc129dc35fd1ae2a1e410224d39ea8\">\n.flex_column.av-av_one_half-c8fc129dc35fd1ae2a1e410224d39ea8{\n-webkit-border-radius:0px 0px 0px 0px;\n-moz-border-radius:0px 0px 0px 0px;\nborder-radius:0px 0px 0px 0px;\npadding:0px 0px 0px 0px;\n}\n<\/style>\n<div class='flex_column av-av_one_half-c8fc129dc35fd1ae2a1e410224d39ea8 av_one_half  avia-builder-el-6  el_after_av_one_half  el_before_av_hr  flex_column_table_cell av-equal-height-column av-align-middle av-zero-column-padding '     ><section  class='av_textblock_section av-av_textblock-2bd894dbf2e4bf2c4acf98ce4fbf94aa'  itemscope=\"itemscope\" itemtype=\"https:\/\/schema.org\/CreativeWork\" ><div class='avia_textblock'  itemprop=\"text\" ><p>Prof. Sandra Nuyts (UZL) explique \u00e0 propos de la bouche s\u00e8che: La salive naturelle contient un \u00e9quilibre complexe de composants essentiels qui prot\u00e8gent les tissus sensibles de vos dents et de vos gencives. La radioth\u00e9rapie dans la r\u00e9gion de la t\u00eate et du cou et d&rsquo;autres conditions m\u00e9dicales peuvent causer une perturbation grave de la production de salive, conduisant \u00e0 la s\u00e9cheresse de la bouche. La professeure Sandra Nuyts de l&rsquo;H\u00f4pital universitaire de Louvain (UZL) explique les causes et les effets de la s\u00e9cheresse de la bouche (x\u00e9rostomie). Les produits bioXtra contiennent des enzymes naturelles qui imitent les propri\u00e9t\u00e9s de la salive naturelle, pour une sensation de confort et une protection des dents et des gencives.<\/p>\n<\/div><\/section><\/div><\/div><!--close column table wrapper. Autoclose: 1 -->\n<div  class='hr av-av_hr-7190f10d7a992913b84f58afd9ce22bd hr-full  avia-builder-el-8  el_after_av_one_half  el_before_av_one_half  videoru hr-no-shadow'><span class='hr-inner '><span class=\"hr-inner-style\"><\/span><\/span><\/div>\n\n<style type=\"text\/css\" data-created_by=\"avia_inline_auto\" id=\"style-css-av-av_one_half-15d750bd1b332b34c6e70b077ebbccdf\">\n.flex_column.av-av_one_half-15d750bd1b332b34c6e70b077ebbccdf{\n-webkit-border-radius:0px 0px 0px 0px;\n-moz-border-radius:0px 0px 0px 0px;\nborder-radius:0px 0px 0px 0px;\npadding:0px 0px 0px 0px;\n}\n<\/style>\n<div class='flex_column av-av_one_half-15d750bd1b332b34c6e70b077ebbccdf av_one_half  avia-builder-el-9  el_after_av_hr  el_before_av_one_half  first flex_column_div av-zero-column-padding '     ><section  class='av_textblock_section av-av_textblock-2bd894dbf2e4bf2c4acf98ce4fbf94aa'  itemscope=\"itemscope\" itemtype=\"https:\/\/schema.org\/CreativeWork\" ><div class='avia_textblock'  itemprop=\"text\" ><p>Soins bucco-dentaires Vid\u00e9o d\u2019instruction Lorsque les patients sont incapables d\u2019effectuer leurs propres soins bucco-dentaires, le maintien de l\u2019hygi\u00e8ne buccale des patients est un devoir de diligence essentiel et est consid\u00e9r\u00e9 comme un aspect fondamental des soins de sant\u00e9. Cette vid\u00e9o de formation peut encourager les professionnels de la sant\u00e9 \u00e0 dispenser les soins buccaux appropri\u00e9s \u00e0 leurs patients.<\/p>\n<\/div><\/section><\/div>\n\n<style type=\"text\/css\" data-created_by=\"avia_inline_auto\" id=\"style-css-av-av_one_half-54328532fcdbb11aed82b3116af86d5c\">\n.flex_column.av-av_one_half-54328532fcdbb11aed82b3116af86d5c{\n-webkit-border-radius:0px 0px 0px 0px;\n-moz-border-radius:0px 0px 0px 0px;\nborder-radius:0px 0px 0px 0px;\npadding:0px 0px 0px 0px;\n}\n<\/style>\n<div class='flex_column av-av_one_half-54328532fcdbb11aed82b3116af86d5c av_one_half  avia-builder-el-11  el_after_av_one_half  el_before_av_hr  flex_column_div av-zero-column-padding '     ><div  class='avia-video av-av_video-24ef347240362fe2dfc17a8e13f5ed59 avia-video-16-9 av-no-preview-image avia-video-load-always av-lazyload-immediate av-lazyload-video-embed'  itemprop=\"video\" itemtype=\"https:\/\/schema.org\/VideoObject\"  data-original_url='https:\/\/www.youtube.com\/watch?v=FR_8N8KqaQk'><script type='text\/html' class='av-video-tmpl'><div class='avia-iframe-wrap'><iframe loading=\"lazy\" title=\"BIOXTRA - Oral Health Care Instruction\" width=\"1500\" height=\"844\" src=\"https:\/\/www.youtube.com\/embed\/FR_8N8KqaQk?feature=oembed&autoplay=0&loop=0&controls=1&mute=0\" frameborder=\"0\" allow=\"accelerometer; autoplay; encrypted-media; gyroscope; picture-in-picture\" allowfullscreen><\/iframe><\/div><\/script><div class='av-click-to-play-overlay'><div class=\"avia_playpause_icon\"><\/div><\/div><\/div><\/div>\n<div  class='hr av-av_hr-7190f10d7a992913b84f58afd9ce22bd hr-full  avia-builder-el-13  el_after_av_one_half  el_before_av_one_half  videoru hr-no-shadow'><span class='hr-inner '><span class=\"hr-inner-style\"><\/span><\/span><\/div>\n<div class='flex_column_table av-av_one_half-98d7e62f3a99401b22a870a5644bedbe sc-av_one_half av-equal-height-column-flextable'>\n<style type=\"text\/css\" data-created_by=\"avia_inline_auto\" id=\"style-css-av-av_one_half-98d7e62f3a99401b22a870a5644bedbe\">\n.flex_column.av-av_one_half-98d7e62f3a99401b22a870a5644bedbe{\n-webkit-border-radius:0px 0px 0px 0px;\n-moz-border-radius:0px 0px 0px 0px;\nborder-radius:0px 0px 0px 0px;\npadding:0px 0px 0px 0px;\n}\n<\/style>\n<div class='flex_column av-av_one_half-98d7e62f3a99401b22a870a5644bedbe av_one_half  avia-builder-el-14  el_after_av_hr  el_before_av_one_half  first flex_column_table_cell av-equal-height-column av-align-middle av-zero-column-padding '     ><div  class='avia-video av-av_video-7f072d705ab5b0cb5e658f3d10c68c3d avia-video-16-9 av-no-preview-image avia-video-load-always av-lazyload-immediate av-lazyload-video-embed'  itemprop=\"video\" itemtype=\"https:\/\/schema.org\/VideoObject\"  data-original_url='https:\/\/www.youtube.com\/watch?v=yf-PeGyLkgI'><script type='text\/html' class='av-video-tmpl'><div class='avia-iframe-wrap'><iframe loading=\"lazy\" title=\"How to reduce your risk mouth cancer awareness day 2019\" width=\"1500\" height=\"844\" src=\"https:\/\/www.youtube.com\/embed\/yf-PeGyLkgI?feature=oembed&autoplay=0&loop=0&controls=1&mute=0\" frameborder=\"0\" allow=\"accelerometer; autoplay; encrypted-media; gyroscope; picture-in-picture\" allowfullscreen><\/iframe><\/div><\/script><div class='av-click-to-play-overlay'><div class=\"avia_playpause_icon\"><\/div><\/div><\/div><\/div>\n<div class='av-flex-placeholder'><\/div>\n<style type=\"text\/css\" data-created_by=\"avia_inline_auto\" id=\"style-css-av-av_one_half-c8fc129dc35fd1ae2a1e410224d39ea8\">\n.flex_column.av-av_one_half-c8fc129dc35fd1ae2a1e410224d39ea8{\n-webkit-border-radius:0px 0px 0px 0px;\n-moz-border-radius:0px 0px 0px 0px;\nborder-radius:0px 0px 0px 0px;\npadding:0px 0px 0px 0px;\n}\n<\/style>\n<div class='flex_column av-av_one_half-c8fc129dc35fd1ae2a1e410224d39ea8 av_one_half  avia-builder-el-16  el_after_av_one_half  el_before_av_hr  flex_column_table_cell av-equal-height-column av-align-middle av-zero-column-padding '     ><section  class='av_textblock_section av-av_textblock-2bd894dbf2e4bf2c4acf98ce4fbf94aa'  itemscope=\"itemscope\" itemtype=\"https:\/\/schema.org\/CreativeWork\" ><div class='avia_textblock'  itemprop=\"text\" ><p>How to reduce your risk &#8211; Mouth Cancer Awareness Day 2019<\/p>\n<\/div><\/section><\/div><\/div><!--close column table wrapper. Autoclose: 1 -->\n<div  class='hr av-av_hr-7190f10d7a992913b84f58afd9ce22bd hr-full  avia-builder-el-18  el_after_av_one_half  el_before_av_one_half  videoru hr-no-shadow'><span class='hr-inner '><span class=\"hr-inner-style\"><\/span><\/span><\/div>\n\n<style type=\"text\/css\" data-created_by=\"avia_inline_auto\" id=\"style-css-av-av_one_half-15d750bd1b332b34c6e70b077ebbccdf\">\n.flex_column.av-av_one_half-15d750bd1b332b34c6e70b077ebbccdf{\n-webkit-border-radius:0px 0px 0px 0px;\n-moz-border-radius:0px 0px 0px 0px;\nborder-radius:0px 0px 0px 0px;\npadding:0px 0px 0px 0px;\n}\n<\/style>\n<div class='flex_column av-av_one_half-15d750bd1b332b34c6e70b077ebbccdf av_one_half  avia-builder-el-19  el_after_av_hr  el_before_av_one_half  first flex_column_div av-zero-column-padding '     ><section  class='av_textblock_section av-av_textblock-2bd894dbf2e4bf2c4acf98ce4fbf94aa'  itemscope=\"itemscope\" itemtype=\"https:\/\/schema.org\/CreativeWork\" ><div class='avia_textblock'  itemprop=\"text\" ><p>Management of dry mouth by Dr Denise MacCarthy<\/p>\n<\/div><\/section><\/div>\n\n<style type=\"text\/css\" data-created_by=\"avia_inline_auto\" id=\"style-css-av-av_one_half-54328532fcdbb11aed82b3116af86d5c\">\n.flex_column.av-av_one_half-54328532fcdbb11aed82b3116af86d5c{\n-webkit-border-radius:0px 0px 0px 0px;\n-moz-border-radius:0px 0px 0px 0px;\nborder-radius:0px 0px 0px 0px;\npadding:0px 0px 0px 0px;\n}\n<\/style>\n<div class='flex_column av-av_one_half-54328532fcdbb11aed82b3116af86d5c av_one_half  avia-builder-el-21  el_after_av_one_half  el_before_av_hr  flex_column_div av-zero-column-padding '     ><div  class='avia-video av-av_video-708699efbc11185bb00dff5546561648 avia-video-16-9 av-no-preview-image avia-video-load-always av-lazyload-immediate av-lazyload-video-embed'  itemprop=\"video\" itemtype=\"https:\/\/schema.org\/VideoObject\"  data-original_url='https:\/\/www.youtube.com\/watch?v=sv9s6F4sT4k'><script type='text\/html' class='av-video-tmpl'><div class='avia-iframe-wrap'><iframe loading=\"lazy\" title=\"Management of dry mouth by Dr Denise MacCarthy\" width=\"1500\" height=\"844\" src=\"https:\/\/www.youtube.com\/embed\/sv9s6F4sT4k?feature=oembed&autoplay=0&loop=0&controls=1&mute=0\" frameborder=\"0\" allow=\"accelerometer; autoplay; encrypted-media; gyroscope; picture-in-picture\" allowfullscreen><\/iframe><\/div><\/script><div class='av-click-to-play-overlay'><div class=\"avia_playpause_icon\"><\/div><\/div><\/div><\/div>\n<div  class='hr av-av_hr-7190f10d7a992913b84f58afd9ce22bd hr-full  avia-builder-el-23  el_after_av_one_half  el_before_av_one_half  videoru hr-no-shadow'><span class='hr-inner '><span class=\"hr-inner-style\"><\/span><\/span><\/div>\n<div class='flex_column_table av-av_one_half-98d7e62f3a99401b22a870a5644bedbe sc-av_one_half av-equal-height-column-flextable'>\n<style type=\"text\/css\" data-created_by=\"avia_inline_auto\" id=\"style-css-av-av_one_half-98d7e62f3a99401b22a870a5644bedbe\">\n.flex_column.av-av_one_half-98d7e62f3a99401b22a870a5644bedbe{\n-webkit-border-radius:0px 0px 0px 0px;\n-moz-border-radius:0px 0px 0px 0px;\nborder-radius:0px 0px 0px 0px;\npadding:0px 0px 0px 0px;\n}\n<\/style>\n<div class='flex_column av-av_one_half-98d7e62f3a99401b22a870a5644bedbe av_one_half  avia-builder-el-24  el_after_av_hr  el_before_av_one_half  first flex_column_table_cell av-equal-height-column av-align-middle av-zero-column-padding '     ><div  class='avia-video av-av_video-b3703f13487d245199ac3b189ac838d6 avia-video-16-9 av-no-preview-image avia-video-load-always av-lazyload-immediate av-lazyload-video-embed'  itemprop=\"video\" itemtype=\"https:\/\/schema.org\/VideoObject\"  data-original_url='https:\/\/www.youtube.com\/watch?v=sesPEu7j1gE'><script type='text\/html' class='av-video-tmpl'><div class='avia-iframe-wrap'><iframe loading=\"lazy\" title=\"How the symptoms of Dry Mouth (Xerostomy) can be combated ? (English subtitles)\" width=\"1500\" height=\"844\" src=\"https:\/\/www.youtube.com\/embed\/sesPEu7j1gE?feature=oembed&autoplay=0&loop=0&controls=1&mute=0\" frameborder=\"0\" allow=\"accelerometer; autoplay; encrypted-media; gyroscope; picture-in-picture\" allowfullscreen><\/iframe><\/div><\/script><div class='av-click-to-play-overlay'><div class=\"avia_playpause_icon\"><\/div><\/div><\/div><\/div>\n<div class='av-flex-placeholder'><\/div>\n<style type=\"text\/css\" data-created_by=\"avia_inline_auto\" id=\"style-css-av-av_one_half-c8fc129dc35fd1ae2a1e410224d39ea8\">\n.flex_column.av-av_one_half-c8fc129dc35fd1ae2a1e410224d39ea8{\n-webkit-border-radius:0px 0px 0px 0px;\n-moz-border-radius:0px 0px 0px 0px;\nborder-radius:0px 0px 0px 0px;\npadding:0px 0px 0px 0px;\n}\n<\/style>\n<div class='flex_column av-av_one_half-c8fc129dc35fd1ae2a1e410224d39ea8 av_one_half  avia-builder-el-26  el_after_av_one_half  el_before_av_hr  flex_column_table_cell av-equal-height-column av-align-middle av-zero-column-padding '     ><section  class='av_textblock_section av-av_textblock-2bd894dbf2e4bf2c4acf98ce4fbf94aa'  itemscope=\"itemscope\" itemtype=\"https:\/\/schema.org\/CreativeWork\" ><div class='avia_textblock'  itemprop=\"text\" ><div class=\"small-12 medium-5 large-5 columns description left\">Christine Boers-Doets Ph.D, is an expert on side-effects and the initiator of CancerMed (www.cancer-med.com ). With more care, side effects from cancer treatments can be reduced, resulting in less symptom burden. In this video, Christine clearly explains how the symptoms of Dry Mouth (Xerostomia) can be combated.<\/div>\n<\/div><\/section><\/div><\/div><!--close column table wrapper. Autoclose: 1 -->\n<div  class='hr av-av_hr-7190f10d7a992913b84f58afd9ce22bd hr-full  avia-builder-el-28  el_after_av_one_half  el_before_av_one_half  videoru hr-no-shadow'><span class='hr-inner '><span class=\"hr-inner-style\"><\/span><\/span><\/div>\n\n<style type=\"text\/css\" data-created_by=\"avia_inline_auto\" id=\"style-css-av-av_one_half-15d750bd1b332b34c6e70b077ebbccdf\">\n.flex_column.av-av_one_half-15d750bd1b332b34c6e70b077ebbccdf{\n-webkit-border-radius:0px 0px 0px 0px;\n-moz-border-radius:0px 0px 0px 0px;\nborder-radius:0px 0px 0px 0px;\npadding:0px 0px 0px 0px;\n}\n<\/style>\n<div class='flex_column av-av_one_half-15d750bd1b332b34c6e70b077ebbccdf av_one_half  avia-builder-el-29  el_after_av_hr  el_before_av_one_half  first flex_column_div av-zero-column-padding '     ><section  class='av_textblock_section av-av_textblock-2bd894dbf2e4bf2c4acf98ce4fbf94aa'  itemscope=\"itemscope\" itemtype=\"https:\/\/schema.org\/CreativeWork\" ><div class='avia_textblock'  itemprop=\"text\" ><p>Dry, sore or sentitive mouth ?<\/p>\n<\/div><\/section><\/div>\n\n<style type=\"text\/css\" data-created_by=\"avia_inline_auto\" id=\"style-css-av-av_one_half-54328532fcdbb11aed82b3116af86d5c\">\n.flex_column.av-av_one_half-54328532fcdbb11aed82b3116af86d5c{\n-webkit-border-radius:0px 0px 0px 0px;\n-moz-border-radius:0px 0px 0px 0px;\nborder-radius:0px 0px 0px 0px;\npadding:0px 0px 0px 0px;\n}\n<\/style>\n<div class='flex_column av-av_one_half-54328532fcdbb11aed82b3116af86d5c av_one_half  avia-builder-el-31  el_after_av_one_half  el_before_av_hr  flex_column_div av-zero-column-padding '     ><div  class='avia-video av-av_video-8848d299c42476e05e4d0d617a29f150 avia-video-16-9 av-no-preview-image avia-video-load-always av-lazyload-immediate av-lazyload-video-embed'  itemprop=\"video\" itemtype=\"https:\/\/schema.org\/VideoObject\"  data-original_url='https:\/\/www.youtube.com\/watch?v=Iwfq4vxYbRo'><script type='text\/html' class='av-video-tmpl'><div class='avia-iframe-wrap'><iframe loading=\"lazy\" title=\"BioXtra - Dry, sore or sentitive mouth ?\" width=\"1500\" height=\"844\" src=\"https:\/\/www.youtube.com\/embed\/Iwfq4vxYbRo?feature=oembed&autoplay=0&loop=0&controls=1&mute=0\" frameborder=\"0\" allow=\"accelerometer; autoplay; encrypted-media; gyroscope; picture-in-picture\" allowfullscreen><\/iframe><\/div><\/script><div class='av-click-to-play-overlay'><div class=\"avia_playpause_icon\"><\/div><\/div><\/div><\/div>\n<div  class='hr av-av_hr-7190f10d7a992913b84f58afd9ce22bd hr-full  avia-builder-el-33  el_after_av_one_half  el_before_av_one_half  videoru hr-no-shadow'><span class='hr-inner '><span class=\"hr-inner-style\"><\/span><\/span><\/div>\n<div class='flex_column_table av-av_one_half-98d7e62f3a99401b22a870a5644bedbe sc-av_one_half av-equal-height-column-flextable'>\n<style type=\"text\/css\" data-created_by=\"avia_inline_auto\" id=\"style-css-av-av_one_half-98d7e62f3a99401b22a870a5644bedbe\">\n.flex_column.av-av_one_half-98d7e62f3a99401b22a870a5644bedbe{\n-webkit-border-radius:0px 0px 0px 0px;\n-moz-border-radius:0px 0px 0px 0px;\nborder-radius:0px 0px 0px 0px;\npadding:0px 0px 0px 0px;\n}\n<\/style>\n<div class='flex_column av-av_one_half-98d7e62f3a99401b22a870a5644bedbe av_one_half  avia-builder-el-34  el_after_av_hr  el_before_av_one_half  first flex_column_table_cell av-equal-height-column av-align-middle av-zero-column-padding '     ><div  class='avia-video av-av_video-601f8c922c92ddb958687f1559c1401e avia-video-16-9 av-no-preview-image avia-video-load-always av-lazyload-immediate av-lazyload-video-embed'  itemprop=\"video\" itemtype=\"https:\/\/schema.org\/VideoObject\"  data-original_url='https:\/\/www.youtube.com\/watch?v=CsPcpm8xNso'><script type='text\/html' class='av-video-tmpl'><div class='avia-iframe-wrap'><iframe loading=\"lazy\" title=\"BioXtra - Xerostomia\" width=\"1500\" height=\"844\" src=\"https:\/\/www.youtube.com\/embed\/CsPcpm8xNso?feature=oembed&autoplay=0&loop=0&controls=1&mute=0\" frameborder=\"0\" allow=\"accelerometer; autoplay; encrypted-media; gyroscope; picture-in-picture\" allowfullscreen><\/iframe><\/div><\/script><div class='av-click-to-play-overlay'><div class=\"avia_playpause_icon\"><\/div><\/div><\/div><\/div>\n<div class='av-flex-placeholder'><\/div>\n<style type=\"text\/css\" data-created_by=\"avia_inline_auto\" id=\"style-css-av-av_one_half-c8fc129dc35fd1ae2a1e410224d39ea8\">\n.flex_column.av-av_one_half-c8fc129dc35fd1ae2a1e410224d39ea8{\n-webkit-border-radius:0px 0px 0px 0px;\n-moz-border-radius:0px 0px 0px 0px;\nborder-radius:0px 0px 0px 0px;\npadding:0px 0px 0px 0px;\n}\n<\/style>\n<div class='flex_column av-av_one_half-c8fc129dc35fd1ae2a1e410224d39ea8 av_one_half  avia-builder-el-36  el_after_av_one_half  avia-builder-el-last  flex_column_table_cell av-equal-height-column av-align-middle av-zero-column-padding '     ><section  class='av_textblock_section av-av_textblock-2bd894dbf2e4bf2c4acf98ce4fbf94aa'  itemscope=\"itemscope\" itemtype=\"https:\/\/schema.org\/CreativeWork\" ><div class='avia_textblock'  itemprop=\"text\" ><p>Xerostomia<\/p>\n<\/div><\/section><\/div><\/div><!--close column table wrapper. Autoclose: 1 -->\n","protected":false},"excerpt":{"rendered":"","protected":false},"author":3,"featured_media":0,"parent":0,"menu_order":0,"comment_status":"closed","ping_status":"closed","template":"","meta":{"footnotes":""},"class_list":["post-795","page","type-page","status-publish","hentry"],"_links":{"self":[{"href":"https:\/\/bioxtra.be\/fr\/wp-json\/wp\/v2\/pages\/795","targetHints":{"allow":["GET"]}}],"collection":[{"href":"https:\/\/bioxtra.be\/fr\/wp-json\/wp\/v2\/pages"}],"about":[{"href":"https:\/\/bioxtra.be\/fr\/wp-json\/wp\/v2\/types\/page"}],"author":[{"embeddable":true,"href":"https:\/\/bioxtra.be\/fr\/wp-json\/wp\/v2\/users\/3"}],"replies":[{"embeddable":true,"href":"https:\/\/bioxtra.be\/fr\/wp-json\/wp\/v2\/comments?post=795"}],"version-history":[{"count":0,"href":"https:\/\/bioxtra.be\/fr\/wp-json\/wp\/v2\/pages\/795\/revisions"}],"wp:attachment":[{"href":"https:\/\/bioxtra.be\/fr\/wp-json\/wp\/v2\/media?parent=795"}],"curies":[{"name":"wp","href":"https:\/\/api.w.org\/{rel}","templated":true}]}}