{"id":630,"date":"2019-12-17T22:35:59","date_gmt":"2019-12-17T22:35:59","guid":{"rendered":"https:\/\/bioxtra.be\/?page_id=630"},"modified":"2021-11-18T10:02:22","modified_gmt":"2021-11-18T10:02:22","slug":"a-propos-de","status":"publish","type":"page","link":"https:\/\/bioxtra.be\/fr\/a-propos-de\/","title":{"rendered":"A propos de"},"content":{"rendered":"\n<style type=\"text\/css\" data-created_by=\"avia_inline_auto\" id=\"style-css-av-av_three_fourth-15d750bd1b332b34c6e70b077ebbccdf\">\n.flex_column.av-av_three_fourth-15d750bd1b332b34c6e70b077ebbccdf{\n-webkit-border-radius:0px 0px 0px 0px;\n-moz-border-radius:0px 0px 0px 0px;\nborder-radius:0px 0px 0px 0px;\npadding:0px 0px 0px 0px;\n}\n<\/style>\n<div class='flex_column av-av_three_fourth-15d750bd1b332b34c6e70b077ebbccdf av_three_fourth  avia-builder-el-0  avia-builder-el-no-sibling  first flex_column_div av-zero-column-padding '     ><section  class='av_textblock_section av-av_textblock-2bd894dbf2e4bf2c4acf98ce4fbf94aa'  itemscope=\"itemscope\" itemtype=\"https:\/\/schema.org\/CreativeWork\" ><div class='avia_textblock'  itemprop=\"text\" ><div class=\" medium-8 large-12 columns\">\n<h1>\u00c0 PROPOS DE<\/h1>\n<p>bioXtra est un assortiment de produits de soins et d\u2019hygi\u00e8ne bucco-dentaires sp\u00e9cialement con\u00e7us pour r\u00e9duire les troubles li\u00e9s \u00e0 la s\u00e9cheresse buccale et r\u00e9guler la flore bact\u00e9rienne de la cavit\u00e9 buccale. Ils renforcent le syst\u00e8me de protection et d\u2019humidification naturel de la salive, ce qui est important pour une bouche saine et une sensation de confort.<br \/>\nParce que la s\u00e9cheresse buccale peut aussi \u00eatre \u00e0 l\u2019origine de gencives sensibles et douloureuses, les produits bioXtra ne contiennent pas d\u2019alcool, de menthol, d\u2019ar\u00f4mes forts ou d\u2019agents moussants.<\/p>\n<\/div>\n<\/div><\/section><br \/>\n<section  class='av_textblock_section av-kw4sb8s9-7cb1284ed991b4f837c510570dbb84de'  itemscope=\"itemscope\" itemtype=\"https:\/\/schema.org\/CreativeWork\" ><div class='avia_textblock'  itemprop=\"text\" ><h3>Regarde aussi<\/h3>\n<p>&#8211; <a href=\"\/fr\/contact\/\">Contact<\/a><br \/>\n&#8211;<a href=\"\/fr\/conseils\/faq\/\"> FAQ<\/a><br \/>\n&#8211;<a href=\"\/fr\/conditions-generales\/\"> Conditions generales<\/a><br \/>\n&#8211; <a href=\"\/fr\/expeditions-et-retours\/\">Expedition et retours<\/a><br \/>\n&#8211; <a href=\"\/fr\/politique\/\">Politique<\/a><\/p>\n<\/div><\/section><\/p><\/div>\n","protected":false},"excerpt":{"rendered":"","protected":false},"author":3,"featured_media":0,"parent":0,"menu_order":0,"comment_status":"closed","ping_status":"closed","template":"","meta":{"footnotes":""},"class_list":["post-630","page","type-page","status-publish","hentry"],"_links":{"self":[{"href":"https:\/\/bioxtra.be\/fr\/wp-json\/wp\/v2\/pages\/630","targetHints":{"allow":["GET"]}}],"collection":[{"href":"https:\/\/bioxtra.be\/fr\/wp-json\/wp\/v2\/pages"}],"about":[{"href":"https:\/\/bioxtra.be\/fr\/wp-json\/wp\/v2\/types\/page"}],"author":[{"embeddable":true,"href":"https:\/\/bioxtra.be\/fr\/wp-json\/wp\/v2\/users\/3"}],"replies":[{"embeddable":true,"href":"https:\/\/bioxtra.be\/fr\/wp-json\/wp\/v2\/comments?post=630"}],"version-history":[{"count":0,"href":"https:\/\/bioxtra.be\/fr\/wp-json\/wp\/v2\/pages\/630\/revisions"}],"wp:attachment":[{"href":"https:\/\/bioxtra.be\/fr\/wp-json\/wp\/v2\/media?parent=630"}],"curies":[{"name":"wp","href":"https:\/\/api.w.org\/{rel}","templated":true}]}}