{"id":615,"date":"2019-12-17T22:26:31","date_gmt":"2019-12-17T22:26:31","guid":{"rendered":"https:\/\/bioxtra.be\/?page_id=615"},"modified":"2019-12-17T22:28:34","modified_gmt":"2019-12-17T22:28:34","slug":"professionnels-de-la-sante","status":"publish","type":"page","link":"https:\/\/bioxtra.be\/fr\/professionnels-de-la-sante\/","title":{"rendered":"Professionnels de la sante"},"content":{"rendered":"\n<style type=\"text\/css\" data-created_by=\"avia_inline_auto\" id=\"style-css-av-av_two_third-15d750bd1b332b34c6e70b077ebbccdf\">\n.flex_column.av-av_two_third-15d750bd1b332b34c6e70b077ebbccdf{\n-webkit-border-radius:0px 0px 0px 0px;\n-moz-border-radius:0px 0px 0px 0px;\nborder-radius:0px 0px 0px 0px;\npadding:0px 0px 0px 0px;\n}\n<\/style>\n<div class='flex_column av-av_two_third-15d750bd1b332b34c6e70b077ebbccdf av_two_third  avia-builder-el-0  avia-builder-el-no-sibling  first flex_column_div av-zero-column-padding '     ><section  class='av_textblock_section av-av_textblock-2bd894dbf2e4bf2c4acf98ce4fbf94aa'  itemscope=\"itemscope\" itemtype=\"https:\/\/schema.org\/CreativeWork\" ><div class='avia_textblock'  itemprop=\"text\" ><h1>PROFESSIONNELS DE LA SANT\u00c9<\/h1>\n<\/div><\/section><br \/>\n\n<style type=\"text\/css\" data-created_by=\"avia_inline_auto\" id=\"style-css-av-av_hr-373523e22f0366b13a549278f1ad345e\">\n#top .hr.hr-invisible.av-av_hr-373523e22f0366b13a549278f1ad345e{\nheight:10px;\n}\n<\/style>\n<div  class='hr av-av_hr-373523e22f0366b13a549278f1ad345e hr-invisible  avia-builder-el-2  el_after_av_textblock  el_before_av_textblock '><span class='hr-inner '><span class=\"hr-inner-style\"><\/span><\/span><\/div><br \/>\n<section  class='av_textblock_section av-av_textblock-2bd894dbf2e4bf2c4acf98ce4fbf94aa'  itemscope=\"itemscope\" itemtype=\"https:\/\/schema.org\/CreativeWork\" ><div class='avia_textblock'  itemprop=\"text\" ><h2>MALADIES CHRONIQUES<\/h2>\n<p>De nombreuses maladies chroniques peuvent provoquer une s\u00e9cheresse buccale<sup>1<\/sup>. Plus de 40 % des diab\u00e9tiques souffrent de ce probl\u00e8me. La s\u00e9cheresse peut \u00eatre caus\u00e9e par une polyurie, une hyperglyc\u00e9mie ou la prise de m\u00e9dicaments. D\u2019autres maladies peuvent aussi entra\u00eener une x\u00e9rostomie, comme les maladies cardio-vasculaires, les maladies auto-immunes, en particulier le syndrome de Sj\u00f6gren, le lupus \u00e9ryth\u00e9mateux et la polyarthrite rhumato\u00efde, le stress prolong\u00e9 et la nervosit\u00e9, la maladie de Parkinson et un AVC.<\/p>\n<h2>M\u00c9DICAMENTS<\/h2>\n<p>La plupart des cas de x\u00e9rostomie sont un effet ind\u00e9sirable de la prise de m\u00e9dicaments<sup>2,3<\/sup>. Il existe des centaines de m\u00e9dicaments disponibles avec ou sans ordonnance qui sont associ\u00e9s \u00e0 la x\u00e9rostomie<sup>2<\/sup>. En voici quelques cat\u00e9gories sp\u00e9cifiques :<\/p>\n<ul>\n<li>Anticholinergiques<\/li>\n<li>Antihistaminiques<\/li>\n<li>Antihypertenseurs<\/li>\n<li>Antipsychotiques et antid\u00e9presseurs<\/li>\n<li>Anorexig\u00e8nes<\/li>\n<li>Agents chimioth\u00e9rapeutiques<\/li>\n<li>M\u00e9dicaments neurologiques<\/li>\n<li>M\u00e9dicaments contre l\u2019hyperactivit\u00e9 v\u00e9sicale<\/li>\n<\/ul>\n<p>Les personnes qui prennent chaque jour plusieurs m\u00e9dicaments pr\u00e9sentent un risque accru de x\u00e9rostomie. La prise de 3 types de m\u00e9dicaments diff\u00e9rents ou plus augmente le risque de x\u00e9rostomie \u00e0 plus de 40%.<\/p>\n<p>La radioth\u00e9rapie ou les op\u00e9rations de la t\u00eate et\/ou du cou peuvent gravement perturber la production salivaire, ce qui peut entra\u00eener de s\u00e9rieux d\u00e9sagr\u00e9ments chez ces patients.<br \/>\nDes \u00e9tudes cliniques montrent que l\u2019utilisation des produits bioXtra r\u00e9duit de mani\u00e8re significative les sympt\u00f4mes et am\u00e9liore consid\u00e9rablement la qualit\u00e9 de vie<sup>4,5,6,7<\/sup>.<\/p>\n<h2>PATIENTS D\u00c9PENDANTS<\/h2>\n<p>Les patients devraient \u00eatre encourag\u00e9s \u00e0 effectuer eux-m\u00eames autant que possible leurs soins bucco-dentaires quotidiens. Toutefois, s\u2019ils ne sont pas en mesure de le faire, les soins bucco-dentaires quotidiens sont une t\u00e2che essentielle du personnel soignant et sont consid\u00e9r\u00e9s comme un aspect fondamental des soins de sant\u00e9<sup>8<\/sup>.<\/p>\n<p>L\u2019aspiration de bact\u00e9ries \u00e0 partir du liquide oropharyng\u00e9 augmente le risque de pneumonie, tant chez les jeunes que chez les personnes \u00e2g\u00e9es. Une mauvaise hygi\u00e8ne bucco-dentaire peut aussi contribuer \u00e0 l\u2019apparition d\u2019une pneumonie. Une meilleure connaissance et prise de conscience de la sant\u00e9 bucco-dentaire et du lien qu\u2019elle entretient avec la pneumonie sont n\u00e9cessaires dans la pr\u00e9vention et le traitement<sup>9<\/sup>.<\/p>\n<\/div><\/section><br \/>\n<div  class='avia-button-wrap av-av_button-f6cc2e8559b4704107ce53fb9ac01f47-wrap avia-button-left  avia-builder-el-4  el_after_av_textblock  el_before_av_hr '>\n<style type=\"text\/css\" data-created_by=\"avia_inline_auto\" id=\"style-css-av-av_button-f6cc2e8559b4704107ce53fb9ac01f47\">\n#top #wrap_all .avia-button.av-av_button-f6cc2e8559b4704107ce53fb9ac01f47{\nbackground-color:#fdaf04;\nborder-color:#fdaf04;\ncolor:#ffffff;\n-webkit-transition:all 0.4s ease-in-out;\n-moz-transition:all 0.4s ease-in-out;\n-ms-transition:all 0.4s ease-in-out;\n-o-transition:all 0.4s ease-in-out;\ntransition:all 0.4s ease-in-out;\n}\n<\/style>\n<a href='https:\/\/bioxtra.be\/wp-content\/uploads\/2018\/03\/Drugs-that-cause-dry-mouth.pdf'  class='avia-button av-av_button-f6cc2e8559b4704107ce53fb9ac01f47 avia-icon_select-yes-right-icon avia-size-large avia-position-left'  ><span class='avia_iconbox_title' >T\u00e9l\u00e9charger la liste de m\u00e9dicaments<\/span><span class='avia_button_icon avia_button_icon_right' aria-hidden='true' data-av_icon='\ue82d' data-av_iconfont='entypo-fontello'><\/span><\/a><\/div><br \/>\n\n<style type=\"text\/css\" data-created_by=\"avia_inline_auto\" id=\"style-css-av-av_hr-1deae294de86921cadf9622fb2da0879\">\n#top .hr.hr-invisible.av-av_hr-1deae294de86921cadf9622fb2da0879{\nheight:25px;\n}\n<\/style>\n<div  class='hr av-av_hr-1deae294de86921cadf9622fb2da0879 hr-invisible  avia-builder-el-5  el_after_av_button  el_before_av_textblock '><span class='hr-inner '><span class=\"hr-inner-style\"><\/span><\/span><\/div><br \/>\n<section  class='av_textblock_section av-av_textblock-2de302bf1aa3cf4c9157dbe6f50ac7eb'  itemscope=\"itemscope\" itemtype=\"https:\/\/schema.org\/CreativeWork\" ><div class='avia_textblock'  itemprop=\"text\" ><h5><span style=\"color: #000000;\"><strong>referenties:<\/strong><\/span><\/h5>\n<\/div><\/section><br \/>\n<section  class='av_textblock_section av-av_textblock-2de302bf1aa3cf4c9157dbe6f50ac7eb'  itemscope=\"itemscope\" itemtype=\"https:\/\/schema.org\/CreativeWork\" ><div class='avia_textblock'  itemprop=\"text\" ><h5><span style=\"color: #000000;\">\u00a0<\/span><\/h5>\n<ol>\n<li>Hopcraft, M. and Tan, C. (2010), Xerostomia: an update for clinicians. Australian Dental Journal, 55:\u00a0238\u2013244.<\/li>\n<li>Gordon J. Christensen, Common Prescriptions associated with xerostomia. Clinician Report; volume 5,Issue 10: Addendum.<\/li>\n<li>Ann Eshenaur Spolarich (2005), Medication Use and Xerostomia- Treating Drug-induced Dry Mouth. Dimensions of Dental Hygiene ;3(7): 22-24.<\/li>\n<li>Shahdad SA, Taylor C, Barclay SC, Steen IN&amp; Preshaw PM (2005), Double-blind, crossover study of Biot\u00e8ne Oralbalance and BioXtra systems as salivary substitutes in patients with postradiotherapy xerostomia. European Journal of Cancer Care 14, 319\u2013326.<\/li>\n<li>Gookizadeh A, Emami H, Najafizadeh N, Roayaei M (2012). Clinical evaluation of bioXtra in relieving signs and symptoms of dry mouth after hed and neck radiotherapy in cancer patients in Seyed-al-Shahad Hiospitla, Isfahan, Iran. Adv. Biomed Res 2012; 1:72.<\/li>\n<li>Dirix P, Nuyts S, Vander Poorten V, Delaere P, Van den Bogaert W (2007). Efficacy of the BioXtra dry mouth care system in the treatment of radiotherapy-induced xerostomia. SUPPORT CARE CANCER.<\/li>\n<li>Bakhshi M, Manifar S, Azizi N, Shabestari SB, Mardi AH, Shirinbak I, Mehdipour A. Efficacy of BioXtra Spray and Mouthwash in Patients with Radiation-induced Xerostomia: A Randomized Clinical Trial. Int J Experiment Dent Sci 2014; 3(1): 19-23.<\/li>\n<li>How to provide effective oral care \u2013 Nursing Times 15.02.11 \/ Vol 107 No 6.<\/li>\n<li>Oral health and pneumonia: a case study analysis \u2013 Dental Nursing January 2014 Vol 10 No<\/li>\n<\/ol>\n<\/div><\/section><\/p><\/div>\n","protected":false},"excerpt":{"rendered":"","protected":false},"author":3,"featured_media":0,"parent":0,"menu_order":0,"comment_status":"closed","ping_status":"closed","template":"","meta":{"footnotes":""},"class_list":["post-615","page","type-page","status-publish","hentry"],"_links":{"self":[{"href":"https:\/\/bioxtra.be\/fr\/wp-json\/wp\/v2\/pages\/615","targetHints":{"allow":["GET"]}}],"collection":[{"href":"https:\/\/bioxtra.be\/fr\/wp-json\/wp\/v2\/pages"}],"about":[{"href":"https:\/\/bioxtra.be\/fr\/wp-json\/wp\/v2\/types\/page"}],"author":[{"embeddable":true,"href":"https:\/\/bioxtra.be\/fr\/wp-json\/wp\/v2\/users\/3"}],"replies":[{"embeddable":true,"href":"https:\/\/bioxtra.be\/fr\/wp-json\/wp\/v2\/comments?post=615"}],"version-history":[{"count":0,"href":"https:\/\/bioxtra.be\/fr\/wp-json\/wp\/v2\/pages\/615\/revisions"}],"wp:attachment":[{"href":"https:\/\/bioxtra.be\/fr\/wp-json\/wp\/v2\/media?parent=615"}],"curies":[{"name":"wp","href":"https:\/\/api.w.org\/{rel}","templated":true}]}}