{"id":594,"date":"2019-12-17T22:02:44","date_gmt":"2019-12-17T22:02:44","guid":{"rendered":"https:\/\/bioxtra.be\/?page_id=594"},"modified":"2020-01-14T16:12:56","modified_gmt":"2020-01-14T16:12:56","slug":"bouche-seche","status":"publish","type":"page","link":"https:\/\/bioxtra.be\/fr\/conseils\/bouche-seche\/","title":{"rendered":"Bouche-seche"},"content":{"rendered":"\n<style type=\"text\/css\" data-created_by=\"avia_inline_auto\" id=\"style-css-av-av_one_full-15d750bd1b332b34c6e70b077ebbccdf\">\n.flex_column.av-av_one_full-15d750bd1b332b34c6e70b077ebbccdf{\n-webkit-border-radius:0px 0px 0px 0px;\n-moz-border-radius:0px 0px 0px 0px;\nborder-radius:0px 0px 0px 0px;\npadding:0px 0px 0px 0px;\n}\n<\/style>\n<div class='flex_column av-av_one_full-15d750bd1b332b34c6e70b077ebbccdf av_one_full  avia-builder-el-0  avia-builder-el-no-sibling  first flex_column_div av-zero-column-padding '     ><section  class='av_textblock_section av-av_textblock-2bd894dbf2e4bf2c4acf98ce4fbf94aa'  itemscope=\"itemscope\" itemtype=\"https:\/\/schema.org\/CreativeWork\" ><div class='avia_textblock'  itemprop=\"text\" ><h1>BOUCHE S\u00c8CHE<\/h1>\n<p><strong><span style=\"color: #ff0000;\">1 adulte sur 4 souffrirait de s\u00e9cheresse buccale<\/span><\/strong><\/p>\n<h3>Manque de salive<\/h3>\n<p>L\u2019importance de la salive est loin d\u2019\u00eatre toujours comprise et, de ce fait, souvent sous-estim\u00e9e. Pourtant, lorsque l\u2019on souffre d\u2019un manque de salive, on comprend mieux le r\u00f4le important jou\u00e9 par la salive dans la bonne sant\u00e9 buccale et l\u2019influence qu\u2019elle exerce sur la qualit\u00e9 de vie.<\/p>\n<h3>Causes d\u2019une s\u00e9cheresse buccale<\/h3>\n<p>L\u2019apparition de la s\u00e9cheresse buccale (x\u00e9rostomie) peut avoir diff\u00e9rentes causes :<\/p>\n<p><strong>La prise de m\u00e9dicaments est la cause la plus fr\u00e9quente. Il existe dans le monde plus de 1 800 m\u00e9dicaments fr\u00e9quemment prescrits, qui ont la s\u00e9cheresse buccale comme effet ind\u00e9sirable. Les groupes de m\u00e9dicaments qui sont fr\u00e9quemment prescrits et dont on sait qu\u2019ils peuvent provoquer une s\u00e9cheresse buccale sont :<\/strong><\/p>\n<ul>\n<li>Antihypertenseurs<\/li>\n<li>Antihistaminiques<\/li>\n<li>Antid\u00e9presseurs<\/li>\n<li>Antipsychotiques<\/li>\n<li>Antiparkinsoniens<\/li>\n<\/ul>\n<p><strong>Certaines maladies chroniques peuvent aussi provoquer une s\u00e9cheresse buccale persistante, comme : <\/strong><\/p>\n<ul>\n<li>Syndrome de Sj\u00f6gren<\/li>\n<li>Diab\u00e8te<\/li>\n<li>Lupus \u00e9ryth\u00e9mateux<\/li>\n<li>Polyarthrite rhumato\u00efde<\/li>\n<\/ul>\n<p><strong>D\u2019autres causes tr\u00e8s fr\u00e9quentes sont :<\/strong><\/p>\n<ul>\n<li>Radioth\u00e9rapie ou chirurgie de la t\u00eate et\/ou du cou<\/li>\n<li>Chimioth\u00e9rapie<\/li>\n<li>Changements hormonaux et stress<\/li>\n<\/ul>\n<h3>Sympt\u00f4mes de la s\u00e9cheresse buccale<\/h3>\n<p><strong>La s\u00e9cheresse buccale (x\u00e9rostomie) peut entra\u00eener les troubles suivants :<\/strong><\/p>\n<ul>\n<li>Probl\u00e8mes de mastication, de d\u00e9glutition et d\u2019\u00e9locution<\/li>\n<li>Mauvaise haleine<\/li>\n<li>Fissures aux commissures des l\u00e8vres<\/li>\n<li>L\u00e8vres s\u00e8ches, gerc\u00e9es<\/li>\n<li>Modification de la perception du go\u00fbt des aliments<\/li>\n<li>Troubles du sommeil dus \u00e0 une sensation de soif<\/li>\n<\/ul>\n<p><strong>Outre la sensation d\u00e9sagr\u00e9able et l\u2019inconfort, la s\u00e9cheresse buccale peut aussi \u00eatre \u00e0 l\u2019origine de probl\u00e8mes bucco-dentaires, comme :<\/strong><\/p>\n<ul>\n<li>Irritation des gencives<\/li>\n<li>Sensation de br\u00fblure sur les gencives et la langue<\/li>\n<li>Accumulation de plaque dentaire<\/li>\n<li>Risque accru d\u2019apparition de caries<\/li>\n<li>Risque accru d\u2019\u00e9rosion dentaire<\/li>\n<li>Risque accru d\u2019inflammations des gencives<\/li>\n<li>Difficult\u00e9s \u00e0 porter une proth\u00e8se dentaire<\/li>\n<\/ul>\n<\/div><\/section><\/div>\n","protected":false},"excerpt":{"rendered":"","protected":false},"author":3,"featured_media":0,"parent":591,"menu_order":0,"comment_status":"closed","ping_status":"closed","template":"","meta":{"footnotes":""},"class_list":["post-594","page","type-page","status-publish","hentry"],"_links":{"self":[{"href":"https:\/\/bioxtra.be\/fr\/wp-json\/wp\/v2\/pages\/594","targetHints":{"allow":["GET"]}}],"collection":[{"href":"https:\/\/bioxtra.be\/fr\/wp-json\/wp\/v2\/pages"}],"about":[{"href":"https:\/\/bioxtra.be\/fr\/wp-json\/wp\/v2\/types\/page"}],"author":[{"embeddable":true,"href":"https:\/\/bioxtra.be\/fr\/wp-json\/wp\/v2\/users\/3"}],"replies":[{"embeddable":true,"href":"https:\/\/bioxtra.be\/fr\/wp-json\/wp\/v2\/comments?post=594"}],"version-history":[{"count":0,"href":"https:\/\/bioxtra.be\/fr\/wp-json\/wp\/v2\/pages\/594\/revisions"}],"up":[{"embeddable":true,"href":"https:\/\/bioxtra.be\/fr\/wp-json\/wp\/v2\/pages\/591"}],"wp:attachment":[{"href":"https:\/\/bioxtra.be\/fr\/wp-json\/wp\/v2\/media?parent=594"}],"curies":[{"name":"wp","href":"https:\/\/api.w.org\/{rel}","templated":true}]}}