{"id":591,"date":"2019-12-17T21:37:47","date_gmt":"2019-12-17T21:37:47","guid":{"rendered":"https:\/\/bioxtra.be\/?page_id=591"},"modified":"2021-11-04T19:56:40","modified_gmt":"2021-11-04T19:56:40","slug":"conseils","status":"publish","type":"page","link":"https:\/\/bioxtra.be\/fr\/conseils\/","title":{"rendered":"conseils"},"content":{"rendered":"\n<style type=\"text\/css\" data-created_by=\"avia_inline_auto\" id=\"style-css-av-av_one_full-15d750bd1b332b34c6e70b077ebbccdf\">\n.flex_column.av-av_one_full-15d750bd1b332b34c6e70b077ebbccdf{\n-webkit-border-radius:0px 0px 0px 0px;\n-moz-border-radius:0px 0px 0px 0px;\nborder-radius:0px 0px 0px 0px;\npadding:0px 0px 0px 0px;\n}\n<\/style>\n<div class='flex_column av-av_one_full-15d750bd1b332b34c6e70b077ebbccdf av_one_full  avia-builder-el-0  avia-builder-el-no-sibling  first flex_column_div av-zero-column-padding '     ><section  class='av_textblock_section av-av_textblock-2bd894dbf2e4bf2c4acf98ce4fbf94aa'  itemscope=\"itemscope\" itemtype=\"https:\/\/schema.org\/CreativeWork\" ><div class='avia_textblock'  itemprop=\"text\" ><div class=\" medium-8 large-12 columns\">\n<h1>CONSEILS<\/h1>\n<ul>\n<li>\u00c9vitez les aliments secs et collants<\/li>\n<li>Limitez la consommation de caf\u00e9 et de sodas (all\u00e9g\u00e9s)<\/li>\n<li>Mastiquez r\u00e9guli\u00e8rement un petit morceau de concombre, de carotte ou un chewing-gum sans sucre<\/li>\n<li>\u00c9vitez l\u2019alcool et les cigarettes<\/li>\n<li>Allez r\u00e9guli\u00e8rement chez le dentiste ou l\u2019hygi\u00e9niste dentaire<\/li>\n<\/ul>\n<p><strong>Programme quotidien de soins bucco-dentaires bioXtra<\/strong><\/p>\n<p>Trois \u00e9tapes simples vers une sensation plus agr\u00e9able. Les ingr\u00e9dients sp\u00e9ciaux pr\u00e9sents dans les produits bioXtra assurent une hydratation imm\u00e9diate et aident \u00e0 r\u00e9guler la flore bact\u00e9rienne de la cavit\u00e9 buccale.<\/p>\n<p><strong>\u00c9tape 1 \u2013 Nettoyage<br \/>\n<\/strong>Brossez-vous les dents et les gencives au moins 2 fois par jour avec le <span style=\"color: #014da1;\"><a style=\"color: #014da1;\" href=\"#\">Dentifrice Doux bioXtra<\/a>.<\/span><\/p>\n<p><strong>\u00c9tape 2 \u2013 Rin\u00e7age<br \/>\n<\/strong>Apr\u00e8s le brossage, rincez avec le Bain de<span style=\"color: #014da1;\"> <a style=\"color: #014da1;\" href=\"#\">Bouche Ultra Doux bioXtra<\/a> <\/span>que vous pouvez utiliser r\u00e9guli\u00e8rement pendant la journ\u00e9e pour une sensation de fra\u00eecheur agr\u00e9able encore plus intense.<\/p>\n<p><strong>\u00c9tape 3 \u2013 Hydratation<br \/>\n<\/strong>Pour une hydratation et un confort prolong\u00e9s, surtout pendant la nuit, appliquez le <a href=\"#\"><span style=\"color: #014da1;\">Gel buccal bioXtra<\/span><\/a> sur les muqueuses ou sous la proth\u00e8se dentaire.<\/p>\n<p>Pour votre confort et une hydratation imm\u00e9diate pendant la journ\u00e9e, vaporisez le <span style=\"color: #014da1;\"><a style=\"color: #014da1;\" href=\"#\">Gel-Spray buccal bioXtra<\/a><\/span> directement dans la bouche aussi souvent que vous le souhaitez.<\/p>\n<p>Lorsque que vous associez quotidiennement les produits, les ingr\u00e9dients uniques de bioXtra soulagent en douceur les sympt\u00f4mes de la s\u00e9cheresse buccale (x\u00e9rostomie), donnent \u00e0 votre bouche une sensation de fra\u00eecheur jour et nuit et contribuent \u00e0 une bonne hygi\u00e8ne bucco-dentaire.<\/p>\n<\/div>\n<\/div><\/section><\/div>\n","protected":false},"excerpt":{"rendered":"","protected":false},"author":3,"featured_media":0,"parent":0,"menu_order":0,"comment_status":"closed","ping_status":"closed","template":"","meta":{"footnotes":""},"class_list":["post-591","page","type-page","status-publish","hentry"],"_links":{"self":[{"href":"https:\/\/bioxtra.be\/fr\/wp-json\/wp\/v2\/pages\/591","targetHints":{"allow":["GET"]}}],"collection":[{"href":"https:\/\/bioxtra.be\/fr\/wp-json\/wp\/v2\/pages"}],"about":[{"href":"https:\/\/bioxtra.be\/fr\/wp-json\/wp\/v2\/types\/page"}],"author":[{"embeddable":true,"href":"https:\/\/bioxtra.be\/fr\/wp-json\/wp\/v2\/users\/3"}],"replies":[{"embeddable":true,"href":"https:\/\/bioxtra.be\/fr\/wp-json\/wp\/v2\/comments?post=591"}],"version-history":[{"count":0,"href":"https:\/\/bioxtra.be\/fr\/wp-json\/wp\/v2\/pages\/591\/revisions"}],"wp:attachment":[{"href":"https:\/\/bioxtra.be\/fr\/wp-json\/wp\/v2\/media?parent=591"}],"curies":[{"name":"wp","href":"https:\/\/api.w.org\/{rel}","templated":true}]}}