{"id":660,"date":"2018-04-10T09:10:33","date_gmt":"2018-04-10T09:10:33","guid":{"rendered":"https:\/\/bioxtra.be\/product\/trockener-mund-mildes-mundwasser-250ml\/"},"modified":"2022-05-16T13:00:46","modified_gmt":"2022-05-16T13:00:46","slug":"trockener-mund-mildes-mundwasser-250ml","status":"publish","type":"product","link":"https:\/\/bioxtra.be\/de\/produkt\/trockener-mund-mildes-mundwasser-250ml\/","title":{"rendered":"Trockener Mund Mildes Mundwasser 250ml"},"content":{"rendered":"","protected":false},"excerpt":{"rendered":"<p>bioXtra Ultra Mild Mouthwash f\u00fcllt den nat\u00fcrlichen Speichel durch Regulierung der Mikroumgebung auf. bioXtra Ultra Mild Mouthwash sorgt f\u00fcr ein nat\u00fcrliches Gleichgewicht im Mund, reinigt, erfrischt und spendet Feuchtigkeit.<\/p>\n<p>bioXtra Ultra Mild Mouthwash enth\u00e4lt weder Alkohol noch Menthol.<\/p>\n<p><a class=\"button secondary bbll\" href=\"https:\/\/bioxtra.be\/wp-content\/uploads\/2022\/05\/cPDF-00076130-NOTICE-BIOX-B-Noire-en-fr-nl-de-fi-sv-CE1639-22v.1-1-130122-1.pdf\" target=\"_blank\" rel=\"noopener noreferrer\">Gebrauchsanweisung<i class=\"fa fa-download\"><\/i><\/a><\/p>\n<p>&nbsp;<\/p>\n<p id=\"tw-target-text\" class=\"tw-data-text tw-text-large tw-ta\" dir=\"ltr\" data-placeholder=\"Vertaling\">\n<p>Dieses Produkt ist ein Medizinprodukt der Klasse IIA<\/p>\n","protected":false},"featured_media":661,"template":"","meta":[],"product_brand":[],"product_cat":[63],"product_tag":[72],"class_list":{"0":"post-660","1":"product","2":"type-product","3":"status-publish","4":"has-post-thumbnail","6":"product_cat-bioxtra-de","7":"product_tag-mundwasser","9":"first","10":"instock","11":"taxable","12":"shipping-taxable","13":"purchasable","14":"product-type-simple"},"_links":{"self":[{"href":"https:\/\/bioxtra.be\/de\/wp-json\/wp\/v2\/product\/660","targetHints":{"allow":["GET"]}}],"collection":[{"href":"https:\/\/bioxtra.be\/de\/wp-json\/wp\/v2\/product"}],"about":[{"href":"https:\/\/bioxtra.be\/de\/wp-json\/wp\/v2\/types\/product"}],"wp:featuredmedia":[{"embeddable":true,"href":"https:\/\/bioxtra.be\/de\/wp-json\/wp\/v2\/media\/661"}],"wp:attachment":[{"href":"https:\/\/bioxtra.be\/de\/wp-json\/wp\/v2\/media?parent=660"}],"wp:term":[{"taxonomy":"product_brand","embeddable":true,"href":"https:\/\/bioxtra.be\/de\/wp-json\/wp\/v2\/product_brand?post=660"},{"taxonomy":"product_cat","embeddable":true,"href":"https:\/\/bioxtra.be\/de\/wp-json\/wp\/v2\/product_cat?post=660"},{"taxonomy":"product_tag","embeddable":true,"href":"https:\/\/bioxtra.be\/de\/wp-json\/wp\/v2\/product_tag?post=660"}],"curies":[{"name":"wp","href":"https:\/\/api.w.org\/{rel}","templated":true}]}}