{"id":658,"date":"2018-04-10T09:12:32","date_gmt":"2018-04-10T09:12:32","guid":{"rendered":"https:\/\/bioxtra.be\/product\/trockener-mund-milde-zahnpasta-50ml\/"},"modified":"2022-05-16T13:00:39","modified_gmt":"2022-05-16T13:00:39","slug":"trockener-mund-milde-zahnpasta-50ml","status":"publish","type":"product","link":"https:\/\/bioxtra.be\/de\/produkt\/trockener-mund-milde-zahnpasta-50ml\/","title":{"rendered":"Trockener Mund Milde Zahnpasta 50ml"},"content":{"rendered":"","protected":false},"excerpt":{"rendered":"<p>bioXtra Mild Toothpaste f\u00fcllt den nat\u00fcrlichen Speichel durch Regulierung der Mikroumgebung auf. Die mild schmeckende Formulierung sch\u00fctzt vor klebrigem Wachstum, st\u00e4rkt den Zahnschmelz, sch\u00fctzt vor der Entstehung von Karies und lindert Symptome<br \/>\nund Folgen einer Mundtrockenheit (Xerostomie). Die Zahnpasta h\u00e4lt den Mund gesund und f\u00f6rdert den Atem.<\/p>\n<p>bioXtra ist eine schaumarme Zahnpasta.<\/p>\n<p><a class=\"button secondary bbll\" href=\"https:\/\/bioxtra.be\/wp-content\/uploads\/2022\/05\/cPDF-00076130-NOTICE-BIOX-B-Noire-en-fr-nl-de-fi-sv-CE1639-22v.1-1-130122-1.pdf\" target=\"_blank\" rel=\"noopener noreferrer\">Gebrauchsanweisung<i class=\"fa fa-download\"><\/i><\/a><\/p>\n<p>&nbsp;<\/p>\n<p id=\"tw-target-text\" class=\"tw-data-text tw-text-large tw-ta\" dir=\"ltr\" data-placeholder=\"Vertaling\">\n<p>Dieses Produkt ist ein Medizinprodukt der Klasse IIA<\/p>\n","protected":false},"featured_media":659,"template":"","meta":[],"product_brand":[],"product_cat":[63],"product_tag":[70],"class_list":{"0":"post-658","1":"product","2":"type-product","3":"status-publish","4":"has-post-thumbnail","6":"product_cat-bioxtra-de","7":"product_tag-zahnpasta","9":"first","10":"outofstock","11":"taxable","12":"shipping-taxable","13":"purchasable","14":"product-type-simple"},"_links":{"self":[{"href":"https:\/\/bioxtra.be\/de\/wp-json\/wp\/v2\/product\/658","targetHints":{"allow":["GET"]}}],"collection":[{"href":"https:\/\/bioxtra.be\/de\/wp-json\/wp\/v2\/product"}],"about":[{"href":"https:\/\/bioxtra.be\/de\/wp-json\/wp\/v2\/types\/product"}],"wp:featuredmedia":[{"embeddable":true,"href":"https:\/\/bioxtra.be\/de\/wp-json\/wp\/v2\/media\/659"}],"wp:attachment":[{"href":"https:\/\/bioxtra.be\/de\/wp-json\/wp\/v2\/media?parent=658"}],"wp:term":[{"taxonomy":"product_brand","embeddable":true,"href":"https:\/\/bioxtra.be\/de\/wp-json\/wp\/v2\/product_brand?post=658"},{"taxonomy":"product_cat","embeddable":true,"href":"https:\/\/bioxtra.be\/de\/wp-json\/wp\/v2\/product_cat?post=658"},{"taxonomy":"product_tag","embeddable":true,"href":"https:\/\/bioxtra.be\/de\/wp-json\/wp\/v2\/product_tag?post=658"}],"curies":[{"name":"wp","href":"https:\/\/api.w.org\/{rel}","templated":true}]}}