{"id":654,"date":"2018-04-10T09:15:19","date_gmt":"2018-04-10T09:15:19","guid":{"rendered":"https:\/\/bioxtra.be\/product\/trockener-mund-mund-gel-40ml\/"},"modified":"2022-05-16T13:00:23","modified_gmt":"2022-05-16T13:00:23","slug":"trockener-mund-mund-gel-40ml","status":"publish","type":"product","link":"https:\/\/bioxtra.be\/de\/produkt\/trockener-mund-mund-gel-40ml\/","title":{"rendered":"Trockener Mund Mund Gel 40ml"},"content":{"rendered":"","protected":false},"excerpt":{"rendered":"<p>bioXtra Mundgel wirkt als wirksamer Ersatz f\u00fcr nat\u00fcrlichen Speichel, indem es die Mikroumgebung im Mund reguliert. Die einzigartige Formulierung enth\u00e4lt<br \/>\nIntensive Feuchtigkeitscremes, die stundenlang f\u00fcr Linderung sorgen und die Symptome und Auswirkungen von Mundtrockenheit lindern (Xerostomie). Es hilft, Z\u00e4hne und Zahnfleisch gesund zu halten.<\/p>\n<p>Tragen Sie das Gel besonders f\u00fcr die Nacht auf das Zahnfleisch oder unter die Prothese auf, um eine lang anhaltende Feuchtigkeitsversorgung und Komfort zu gew\u00e4hrleisten.<\/p>\n<p><a class=\"button secondary bbll\" href=\"https:\/\/bioxtra.be\/wp-content\/uploads\/2022\/05\/cPDF-00076130-NOTICE-BIOX-B-Noire-en-fr-nl-de-fi-sv-CE1639-22v.1-1-130122-1.pdf\" target=\"_blank\" rel=\"noopener noreferrer\">Gebrauchsanweisung<i class=\"fa fa-download\"><\/i><\/a><\/p>\n<p>&nbsp;<\/p>\n<p id=\"tw-target-text\" class=\"tw-data-text tw-text-large tw-ta\" dir=\"ltr\" data-placeholder=\"Vertaling\">\n<p>Dieses Produkt ist ein Medizinprodukt der Klasse IIA<\/p>\n","protected":false},"featured_media":655,"template":"","meta":[],"product_brand":[],"product_cat":[63],"product_tag":[74,75],"class_list":{"0":"post-654","1":"product","2":"type-product","3":"status-publish","4":"has-post-thumbnail","6":"product_cat-bioxtra-de","7":"product_tag-gel-de","8":"product_tag-trockener-mund","10":"first","11":"instock","12":"taxable","13":"shipping-taxable","14":"purchasable","15":"product-type-simple"},"_links":{"self":[{"href":"https:\/\/bioxtra.be\/de\/wp-json\/wp\/v2\/product\/654","targetHints":{"allow":["GET"]}}],"collection":[{"href":"https:\/\/bioxtra.be\/de\/wp-json\/wp\/v2\/product"}],"about":[{"href":"https:\/\/bioxtra.be\/de\/wp-json\/wp\/v2\/types\/product"}],"wp:featuredmedia":[{"embeddable":true,"href":"https:\/\/bioxtra.be\/de\/wp-json\/wp\/v2\/media\/655"}],"wp:attachment":[{"href":"https:\/\/bioxtra.be\/de\/wp-json\/wp\/v2\/media?parent=654"}],"wp:term":[{"taxonomy":"product_brand","embeddable":true,"href":"https:\/\/bioxtra.be\/de\/wp-json\/wp\/v2\/product_brand?post=654"},{"taxonomy":"product_cat","embeddable":true,"href":"https:\/\/bioxtra.be\/de\/wp-json\/wp\/v2\/product_cat?post=654"},{"taxonomy":"product_tag","embeddable":true,"href":"https:\/\/bioxtra.be\/de\/wp-json\/wp\/v2\/product_tag?post=654"}],"curies":[{"name":"wp","href":"https:\/\/api.w.org\/{rel}","templated":true}]}}