{"id":957,"date":"2021-11-18T09:53:28","date_gmt":"2021-11-18T09:53:28","guid":{"rendered":"https:\/\/bioxtra.be\/?page_id=957"},"modified":"2021-11-18T09:53:28","modified_gmt":"2021-11-18T09:53:28","slug":"privatsphare","status":"publish","type":"page","link":"https:\/\/bioxtra.be\/de\/privatsphare\/","title":{"rendered":"Privatsphare"},"content":{"rendered":"<div class='flex_column av-av_one_full-a93934ecd89fbb8a9566d39e89cd3725 av_one_full  avia-builder-el-0  avia-builder-el-no-sibling  first flex_column_div '     ><section  class='av_textblock_section av-kw4rzdsr-ef4b20eb9f4fdaebb4a1d8505de1f383'  itemscope=\"itemscope\" itemtype=\"https:\/\/schema.org\/CreativeWork\" ><div class='avia_textblock'  itemprop=\"text\" ><h2>DATENSCHUTZ-BESTIMMUNGEN<\/h2>\n<p>Caresse Cosmetics BV bietet \u00fcber seine Website (einschlie\u00dflich bioxtra.nl) Dienstleistungen und Produkte an, bei denen Ihre personenbezogenen Daten, auch als personenbezogene Daten bezeichnet, verarbeitet werden. Personenbezogene Daten werden von uns sorgf\u00e4ltig verarbeitet und gesichert, wobei wir die Anforderungen der Datenschutzgesetzgebung (DSGVO) einhalten.<\/p>\n<p><strong>Welche personenbezogenen Daten verwenden wir?<\/strong><br \/>\nBei der Nutzung unserer Dienste und Websites hinterlassen Sie bestimmte Informationen. Dies k\u00f6nnen personenbezogene Daten sein. Nachfolgend finden Sie eine \u00dcbersicht der Daten, die Sie uns zur Verf\u00fcgung stellen k\u00f6nnen. Wenn Sie beispielsweise eine Online-Bestellung aufgeben oder unseren Newsletter abonnieren:<\/p>\n<p>Vor-und Nachname;<br \/>\nAdressdaten;<br \/>\nTelefonnummer;<br \/>\nE-Mail-Addresse;<br \/>\nZahlungsdetails;<br \/>\nKaufhistorie;<br \/>\nSonstige personenbezogene Daten, die Sie uns aktiv zur Verf\u00fcgung stellen, beispielsweise Daten, die Sie uns im Schriftverkehr (sowohl m\u00fcndlich als auch schriftlich) mitteilen.<\/p>\n<p>Dar\u00fcber hinaus werden beim Besuch unserer Webseiten auch automatisch Daten erhoben (je nach Cookie-Einstellungen):<\/p>\n<p>Standortdaten;<\/p>\n<p>Aktivit\u00e4ten auf der\/den Website(s);<br \/>\n(tempor\u00e4re) IP-Adresse und wenn m\u00f6glich die Herkunftsseite oder E-Mail;<br \/>\nInternetbrowser und Ger\u00e4tetyp;<\/p>\n<p><strong>Auf welcher Grundlage und zu welchem \u200b\u200bZweck verwenden wir Ihre personenbezogenen Daten?<\/strong><br \/>\nGem\u00e4\u00df dem Datenschutzgesetz d\u00fcrfen wir Ihre Daten nur verwenden, wenn eine gesetzliche Grundlage besteht. Wir verarbeiten Ihre personenbezogenen Daten, wenn Sie hierzu aufgrund der Vertragsabwicklung, berechtigtem Interesse oder Erf\u00fcllung einer rechtlichen Verpflichtung zu folgenden Zwecken eingewilligt haben:<\/p>\n<p>Absenden der Bestellung, Abwicklung der Zahlung und Mitteilung \u00fcber die Bestellung;<br \/>\nVerhinderung und Bek\u00e4mpfung von Betrug;<br \/>\nIdentifikation;<br \/>\nSicherheit;<br \/>\nWerbeaktionen;<br \/>\nsozialen Medien;<br \/>\nPers\u00f6nliche Beratung;<br \/>\nKontakt mit unserem Kundenservice;<br \/>\nNewsletter und E-Mail;<br \/>\nBewertungen und Umfrage zur Kundenzufriedenheit;<br \/>\nUm gesetzlichen Verpflichtungen nachzukommen, zum Beispiel der Steuergesetzgebung;<br \/>\nAnalyse Ihrer Aktivit\u00e4ten auf der Website, um die Website zu verbessern und das Angebot an Produkten und Dienstleistungen an Ihre Vorlieben anzupassen;<br \/>\nDirektmarketing;<br \/>\nAnalysen f\u00fcr statistische und wissenschaftliche Zwecke;<\/p>\n<p>Sofern wir Ihre personenbezogenen Daten zu diesen oder anderen Zwecken aufgrund einer Einwilligung verarbeitet haben, k\u00f6nnen Sie diese Einwilligung jederzeit und ohne Angabe von Gr\u00fcnden widerrufen.<\/p>\n<p><strong>Wie lange bewahren wir Ihre personenbezogenen Daten auf?<\/strong><br \/>\nWir speichern und verwenden Ihre Daten nicht l\u00e4nger als n\u00f6tig. Danach l\u00f6schen wir alle personenbezogenen Daten, die wir \u00fcber Sie haben oder anonymisieren diese, da wir bestimmte Daten f\u00fcr interne Analysen und Berichte ben\u00f6tigen. Ausnahmen sind die Daten, die wir l\u00e4nger aufbewahren m\u00fcssen, weil uns das Gesetz dazu verpflichtet.<\/p>\n<p><strong>Bist du unter 18 Jahre alt?<\/strong><br \/>\nWenn Sie 18 Jahre oder j\u00fcnger sind, ben\u00f6tigen Sie die Erlaubnis Ihrer Eltern oder Erziehungsberechtigten, um unsere Website zu nutzen oder eine Bestellung aufzugeben.<\/p>\n<p><strong>Kekse<\/strong><br \/>\nWir k\u00f6nnen Cookies verwenden, um Ihre Erfahrung auf unserer Website zu verbessern. Ein Cookie ist eine kleine Information, die auf Ihrem Computer gespeichert wird, wenn Sie unsere Website besuchen. Cookies erm\u00f6glichen es unserer Website, Sie bei einem erneuten Besuch wiederzuerkennen. Cookies sorgen unter anderem auch daf\u00fcr, dass die Website schnell ist, Sie unsere Website sicher besuchen k\u00f6nnen und wir Fehler auf unserer Website erkennen k\u00f6nnen. Wenn Sie keine Cookies erhalten m\u00f6chten, k\u00f6nnen Sie Ihre Einstellungen in Ihrem Browser \u00e4ndern und Cookies l\u00f6schen. Bitte beachten Sie: Unsere Website funktioniert dann weniger gut.<\/p>\n<p><strong>Links<\/strong><br \/>\nUnsere Website kann Links zu anderen Websites enthalten. Wir sind nicht verantwortlich f\u00fcr den Inhalt oder den Datenschutz dieser Websites. Wir empfehlen Ihnen daher, immer die Datenschutzerkl\u00e4rung der entsprechenden Website zu lesen.<\/p>\n<p>\u00c4nderungen dieser Datenschutzerkl\u00e4rung<br \/>\nWir k\u00f6nnen diese Datenschutzerkl\u00e4rung von Zeit zu Zeit aktualisieren. Wenn wir eine wesentliche \u00c4nderung dieser Datenschutzerkl\u00e4rung vornehmen, werden wir dies auf unserer Website bekannt geben.<\/p>\n<p><strong>Geben wir Ihre personenbezogenen Daten an Dritte weiter?<\/strong><br \/>\nCaresse Cosmetics gibt Ihre personenbezogenen Daten an andere (Dritte) weiter, wenn Sie hierzu ausdr\u00fccklich eingewilligt haben, dies zur Vertragsabwicklung oder aufgrund gesetzlicher Verpflichtungen erforderlich ist. Die Parteien, die von uns Zugriff auf Ihre Daten erhalten, d\u00fcrfen diese Daten nur verwenden, um Ihnen eine Dienstleistung im Auftrag von Caresse Cosmetics oder f\u00fcr eigene Zwecke zu erbringen, wenn sie daf\u00fcr eine Rechtsgrundlage haben, in diesem Fall sind sie f\u00fcr die Verarbeitung verantwortlich und Schutz Ihrer Daten. Um Ihre Privatsph\u00e4re zu gew\u00e4hrleisten, schlie\u00dfen wir Verarbeitungsvertr\u00e4ge mit Parteien ab, die Ihre personenbezogenen Daten im Auftrag von Caresse Cosmetics verarbeiten. Neben strengen Sicherheitsma\u00dfnahmen werden Ihre Daten fast immer innerhalb der Europ\u00e4ischen Union (EU) gespeichert. F\u00fcr den Ausnahmefall, dass Daten in L\u00e4nder au\u00dferhalb der EU \u00fcbertragen werden, werden wir sicherstellen, dass Ihre Privatsph\u00e4re angemessen gesch\u00fctzt bleibt. Caresse Cosmetics bleibt dennoch f\u00fcr diese Verarbeitungsvorg\u00e4nge voll verantwortlich und wird daher alle angemessenen administrativen, technischen und physischen Ma\u00dfnahmen ergreifen, um Ihre personenbezogenen Daten vor unbefugtem Zugriff, versehentlichem Verlust oder \u00c4nderung zu sch\u00fctzen.<\/p>\n<p>Kontakt (Recht auf Zugang und Berichtigung personenbezogener Daten)<br \/>\nWenn Sie Ihre personenbezogenen Daten einsehen, Daten \u00e4ndern oder l\u00f6schen m\u00f6chten, erreichen Sie uns unter der unten angegebenen Adresse. Sie k\u00f6nnen sich ganz einfach vom Newsletter abmelden oder Ihre E-Mail-Einstellungen selbst in Ihrem pers\u00f6nlichen Konto oder \u00fcber den Link am Ende des Newsletters selbst anpassen.<\/p>\n<p>Per e-Mail:<br \/>\ninfo@caresse-cosmetics.nl<\/p>\n<p>Per Mail:<br \/>\nCaresse Cosmetics BV<br \/>\nz. Hd. Kundenservice<br \/>\nWagenweg 250<br \/>\n2012 NP, Haarlem, Niederlande.<\/p>\n<p>Wenn Sie der Meinung sind, dass Caresse Cosmetics Ihre personenbezogenen Daten unrechtm\u00e4\u00dfig verwendet hat oder wenn Sie mit der Antwort von Caresse Cosmetics auf Ihren Auskunftsantrag nicht zufrieden sind, haben Sie das Recht, dies der niederl\u00e4ndischen Datenschutzbeh\u00f6rde zu melden oder vor Gericht zu gehen. Weitere Informationen hierzu finden Sie unter https:\/\/www.autoriteitpersoonsgegevens.nl\/.<\/p>\n<\/div><\/section><\/div>\n","protected":false},"excerpt":{"rendered":"","protected":false},"author":1,"featured_media":0,"parent":0,"menu_order":0,"comment_status":"closed","ping_status":"closed","template":"","meta":{"footnotes":""},"class_list":["post-957","page","type-page","status-publish","hentry"],"_links":{"self":[{"href":"https:\/\/bioxtra.be\/de\/wp-json\/wp\/v2\/pages\/957","targetHints":{"allow":["GET"]}}],"collection":[{"href":"https:\/\/bioxtra.be\/de\/wp-json\/wp\/v2\/pages"}],"about":[{"href":"https:\/\/bioxtra.be\/de\/wp-json\/wp\/v2\/types\/page"}],"author":[{"embeddable":true,"href":"https:\/\/bioxtra.be\/de\/wp-json\/wp\/v2\/users\/1"}],"replies":[{"embeddable":true,"href":"https:\/\/bioxtra.be\/de\/wp-json\/wp\/v2\/comments?post=957"}],"version-history":[{"count":0,"href":"https:\/\/bioxtra.be\/de\/wp-json\/wp\/v2\/pages\/957\/revisions"}],"wp:attachment":[{"href":"https:\/\/bioxtra.be\/de\/wp-json\/wp\/v2\/media?parent=957"}],"curies":[{"name":"wp","href":"https:\/\/api.w.org\/{rel}","templated":true}]}}