{"id":946,"date":"2021-11-18T09:45:48","date_gmt":"2021-11-18T09:45:48","guid":{"rendered":"https:\/\/bioxtra.be\/?page_id=946"},"modified":"2021-11-18T09:45:48","modified_gmt":"2021-11-18T09:45:48","slug":"allgemeine-geschaftsbedingungen","status":"publish","type":"page","link":"https:\/\/bioxtra.be\/de\/allgemeine-geschaftsbedingungen\/","title":{"rendered":"allgemeine geschaftsbedingungen"},"content":{"rendered":"<div class='flex_column av-av_one_full-a93934ecd89fbb8a9566d39e89cd3725 av_one_full  avia-builder-el-0  avia-builder-el-no-sibling  first flex_column_div '     ><section  class='av_textblock_section av-kw4rpevi-10eee5e7fcd5cef0c47c4ecc31964204'  itemscope=\"itemscope\" itemtype=\"https:\/\/schema.org\/CreativeWork\" ><div class='avia_textblock'  itemprop=\"text\" ><h3>Allgemeine Gesch\u00e4ftsbedingungen Caresse Cosmetics BV<\/h3>\n<p>Dies sind unsere Allgemeinen Gesch\u00e4ftsbedingungen. Diese gelten zusammen mit den darin enthaltenen Hinweisen f\u00fcr jeden Vertrag, den wir, Caresse Cosmetics BV (Handelskammernummer: 3416 6389), mit Ihnen schlie\u00dfen. Bei Fragen k\u00f6nnen Sie uns gerne unter info@caresse-cosmetics.nl oder per Post kontaktieren: Caresse Cosmetics BV, Wagenweg 250, 2012 NP Haarlem (NL). Sie erreichen uns auch unter der Telefonnummer +31(0)23-5428980. Wir haben das Recht, diese Bedingungen zu \u00e4ndern. Sie stimmen zu, dass f\u00fcr unsere Vereinbarung immer die neueste Version dieser Allgemeinen Gesch\u00e4ftsbedingungen gilt.<\/p>\n<p><strong>Artikel 1 \u2013 Produkte<\/strong><br \/>\nWir verkaufen Produkte gegen Mundtrockenheit, wie Mundgel, Mundspray, Mundwasser und Zahnpasta.<\/p>\n<p><strong>Artikel 2 \u2013 Registrierung<\/strong><br \/>\nSie m\u00fcssen sich registrieren, um ein Produkt zu bestellen. Dazu m\u00fcssen Sie uns Ihre personenbezogenen Daten mitteilen. Sie m\u00fcssen diese pers\u00f6nlichen Daten wahrheitsgem\u00e4\u00df ausf\u00fcllen und auf dem neuesten Stand sein. Wir sch\u00fctzen Ihre personenbezogenen Daten gut; siehe auch unsere Datenschutzerkl\u00e4rung auf unserer Website. Verwenden Sie ein starkes Passwort f\u00fcr Ihr Konto und geben Sie Ihr Passwort niemals an andere weiter. Sie sind f\u00fcr jeden Missbrauch Ihres Kontos verantwortlich (z. B. wenn eine andere Person mit Ihrem Passwort eine Bestellung bei uns aufgibt).<\/p>\n<p><strong>Artikel 3 \u2013 Zahlungen<\/strong><br \/>\nDer (Gesamt-)Preis der Produkte ist in unserem Webshop angegeben. Sie k\u00f6nnen in unserem Webshop mit IDeal bezahlen. Die Versandkosten gehen zu Ihren Lasten, es sei denn, Sie bestellen \u00fcber dem Mindestbestellwert f\u00fcr kostenlose Lieferung.<\/p>\n<p><strong>Artikel 4 \u2013 Lieferungen<\/strong><br \/>\nWir liefern Ihr Produkt an die von Ihnen bei der Bestellung angegebene Adresse. Sie k\u00f6nnen die Adresse nicht mehr \u00e4ndern, wenn wir das Paket bereits verschickt haben. GLS \u00fcbernimmt den Vertrieb. Wir bem\u00fchen uns, die Bestellung innerhalb von 1 \u2013 4 Werktagen zu liefern. Sollte sich die Bestellung verz\u00f6gern, werden wir Sie benachrichtigen. Wir garantieren, dass Sie die Bestellung sp\u00e4testens 4 Werktage nach Auftragsbest\u00e4tigung erhalten. Ist dies nicht m\u00f6glich, k\u00f6nnen Sie von uns verlangen, (a) den f\u00fcr das Produkt bezahlten Betrag unverz\u00fcglich zur\u00fcckzuerstatten oder (b) ein gleichwertiges Ersatzprodukt zu senden.<\/p>\n<p><strong>Artikel 5 \u2013 R\u00fcckgabe<\/strong><br \/>\nSie k\u00f6nnen das Produkt jederzeit innerhalb von 14 Tagen nach Erhalt zur\u00fccksenden (das Produkt muss unbenutzt sein). Sie k\u00f6nnen dies tun, indem Sie eine E-Mail an info@caresse-cosmetics.nl senden. Nachdem Sie von uns eine Best\u00e4tigung erhalten haben, m\u00fcssen Sie das Produkt innerhalb von 14 Tagen versenden. Sobald wir das Produkt erhalten haben, erstatten wir den vollen Kaufbetrag innerhalb von 7 Tagen. Die Kosten f\u00fcr die R\u00fccksendung gehen zu Ihren Lasten. W\u00e4hrend des Zeitraums m\u00fcssen Sie \u00fcberlegen, ob Sie das Produkt behalten m\u00f6chten, Sie m\u00fcssen das Produkt und die Verpackung pfleglich behandeln. Sie d\u00fcrfen das Produkt nur insoweit auspacken und \u00f6ffnen, als dies erforderlich ist, um festzustellen, ob Sie das Produkt behalten m\u00f6chten.<\/p>\n<p><strong>Artikel 6 \u2013 Haftung<\/strong><br \/>\nWir haften nicht f\u00fcr Sch\u00e4den, die durch die Verwendung eines Produkts entstehen. Dies gilt nicht, wenn der Schaden auf Vorsatz, grober Fahrl\u00e4ssigkeit oder Vorsatz von uns beruht. Ihr Recht auf Schadensersatz wird in keinem Fall den Betrag des bestellten und bezahlten Produkts \u00fcberschreiten.<\/p>\n<p><strong>Artikel 7 \u2013 Rechte des geistigen Eigentums<\/strong><br \/>\nAlle geistigen Eigentumsrechte (wie: Urheberrechte, Logos, Wortmarken) an unseren Texten, Fotos, Bildern und anderen Materialien sind unser Eigentum (oder werden von uns mit Genehmigung des rechtm\u00e4\u00dfigen Eigent\u00fcmers verwaltet). Ihre Verwendung darf dies nicht verletzen.<\/p>\n<p><strong>Artikel 8 \u2013 Beschwerdeverfahren<\/strong><br \/>\nWenn Sie eine Beschwerde \u00fcber die Durchf\u00fchrung der Vereinbarung haben, w\u00fcrden wir gerne von Ihnen h\u00f6ren. Sie k\u00f6nnen das Kontaktformular auf unserer Website verwenden oder Ihre Beschwerde per E-Mail (so schnell und vollst\u00e4ndig wie m\u00f6glich beschrieben) an info@caresse-cosmetics.nl senden. Wir werden Ihre Reklamation schnellstm\u00f6glich bearbeiten, sp\u00e4testens jedoch innerhalb von 3 Werktagen nach Eingang Ihrer Reklamation. Sollte die Bearbeitung der Reklamation l\u00e4nger dauern, erhalten Sie innerhalb von 3 Werktagen eine Best\u00e4tigung Ihrer Reklamation und wir teilen Ihnen mit, wann wir eine inhaltliche Antwort erwarten. Wenn wir die Beschwerde nicht zwischen uns l\u00f6sen k\u00f6nnen, entsteht eine Streitigkeit, die unter das Streitbeilegungsverfahren f\u00e4llt.<\/p>\n<p><strong>Artikel 9 \u2013 Streitbeilegung<\/strong><br \/>\nF\u00fcr diese Allgemeinen Gesch\u00e4ftsbedingungen und die Vereinbarungen, die wir mit Ihnen schlie\u00dfen, gilt niederl\u00e4ndisches Recht. Im Streitfall ist der Richter in Noord-Holland zust\u00e4ndig.<\/p>\n<\/div><\/section><\/div>\n","protected":false},"excerpt":{"rendered":"","protected":false},"author":1,"featured_media":0,"parent":0,"menu_order":0,"comment_status":"closed","ping_status":"closed","template":"","meta":{"footnotes":""},"class_list":["post-946","page","type-page","status-publish","hentry"],"_links":{"self":[{"href":"https:\/\/bioxtra.be\/de\/wp-json\/wp\/v2\/pages\/946","targetHints":{"allow":["GET"]}}],"collection":[{"href":"https:\/\/bioxtra.be\/de\/wp-json\/wp\/v2\/pages"}],"about":[{"href":"https:\/\/bioxtra.be\/de\/wp-json\/wp\/v2\/types\/page"}],"author":[{"embeddable":true,"href":"https:\/\/bioxtra.be\/de\/wp-json\/wp\/v2\/users\/1"}],"replies":[{"embeddable":true,"href":"https:\/\/bioxtra.be\/de\/wp-json\/wp\/v2\/comments?post=946"}],"version-history":[{"count":0,"href":"https:\/\/bioxtra.be\/de\/wp-json\/wp\/v2\/pages\/946\/revisions"}],"wp:attachment":[{"href":"https:\/\/bioxtra.be\/de\/wp-json\/wp\/v2\/media?parent=946"}],"curies":[{"name":"wp","href":"https:\/\/api.w.org\/{rel}","templated":true}]}}