{"id":627,"date":"2019-12-17T22:34:58","date_gmt":"2019-12-17T22:34:58","guid":{"rendered":"https:\/\/bioxtra.be\/?page_id=627"},"modified":"2021-11-18T10:03:13","modified_gmt":"2021-11-18T10:03:13","slug":"uber","status":"publish","type":"page","link":"https:\/\/bioxtra.be\/de\/uber\/","title":{"rendered":"Uber"},"content":{"rendered":"\n<style type=\"text\/css\" data-created_by=\"avia_inline_auto\" id=\"style-css-av-1i73n-fd2864b9da4fb826288e4bf02f2e098f\">\n.flex_column.av-1i73n-fd2864b9da4fb826288e4bf02f2e098f{\n-webkit-border-radius:0px 0px 0px 0px;\n-moz-border-radius:0px 0px 0px 0px;\nborder-radius:0px 0px 0px 0px;\npadding:0px 0px 0px 0px;\n}\n<\/style>\n<div class='flex_column av-1i73n-fd2864b9da4fb826288e4bf02f2e098f av_three_fourth  avia-builder-el-0  avia-builder-el-no-sibling  first flex_column_div av-zero-column-padding '     ><section  class='av_textblock_section av-9emar-d45a0707a0b82bc50f4db5774aa21cfc'  itemscope=\"itemscope\" itemtype=\"https:\/\/schema.org\/CreativeWork\" ><div class='avia_textblock'  itemprop=\"text\" ><h2>\u00dcBER<\/h2>\n<p>bioXtra besteht aus einer Reihe von Mundpflegemitteln, die speziell entwickelt wurden, um die Beschwerden eines trockenen Mundes zu lindern und die Mikroumgebung im Mund zu regulieren. Sie erg\u00e4nzen das nat\u00fcrliche Schutz- und Befeuchtungssystem des Speichels, das f\u00fcr einen gesunden Mund und ein angenehmes Gef\u00fchl wichtig ist.<br \/>\nDa Mundtrockenheit auch zu empfindlichem und schmerzhaftem Zahnfleisch f\u00fchren kann, enthalten die bioXtra-Produkte keinen Alkohol, Menthol, starke Aromen oder Schaummittel.<\/p>\n<\/div><\/section><br \/>\n<section  class='av_textblock_section av-kw4rnr9j-2372148e5b99bc1bc891fc85beeb0074'  itemscope=\"itemscope\" itemtype=\"https:\/\/schema.org\/CreativeWork\" ><div class='avia_textblock'  itemprop=\"text\" ><h3>Hast du gesucht:<\/h3>\n<p>&#8211; <a href=\"\/de\/kontakt\/\">Kontakt<\/a><br \/>\n&#8211;<a href=\"\/de\/emphehlung\/faq\/\"> FAQ<\/a><br \/>\n&#8211;<a href=\"\/de\/allgemeine-geschaftsbedingungen\/\">Allgemeine Gesch\u00e4ftsbedingungen<\/a><br \/>\n&#8211; <a href=\"\/de\/rucksendungen\/\">R\u00fccksendungen<\/a><br \/>\n&#8211; <a href=\"\/de\/privatsphare\/\">Privacy<\/a><\/p>\n<\/div><\/section><\/p><\/div>\n","protected":false},"excerpt":{"rendered":"","protected":false},"author":3,"featured_media":0,"parent":0,"menu_order":0,"comment_status":"closed","ping_status":"closed","template":"","meta":{"footnotes":""},"class_list":["post-627","page","type-page","status-publish","hentry"],"_links":{"self":[{"href":"https:\/\/bioxtra.be\/de\/wp-json\/wp\/v2\/pages\/627","targetHints":{"allow":["GET"]}}],"collection":[{"href":"https:\/\/bioxtra.be\/de\/wp-json\/wp\/v2\/pages"}],"about":[{"href":"https:\/\/bioxtra.be\/de\/wp-json\/wp\/v2\/types\/page"}],"author":[{"embeddable":true,"href":"https:\/\/bioxtra.be\/de\/wp-json\/wp\/v2\/users\/3"}],"replies":[{"embeddable":true,"href":"https:\/\/bioxtra.be\/de\/wp-json\/wp\/v2\/comments?post=627"}],"version-history":[{"count":0,"href":"https:\/\/bioxtra.be\/de\/wp-json\/wp\/v2\/pages\/627\/revisions"}],"wp:attachment":[{"href":"https:\/\/bioxtra.be\/de\/wp-json\/wp\/v2\/media?parent=627"}],"curies":[{"name":"wp","href":"https:\/\/api.w.org\/{rel}","templated":true}]}}