{"id":600,"date":"2019-12-17T22:05:51","date_gmt":"2019-12-17T22:05:51","guid":{"rendered":"https:\/\/bioxtra.be\/?page_id=600"},"modified":"2019-12-17T22:05:51","modified_gmt":"2019-12-17T22:05:51","slug":"faq","status":"publish","type":"page","link":"https:\/\/bioxtra.be\/de\/emphehlung\/faq\/","title":{"rendered":"FAQ"},"content":{"rendered":"\n<style type=\"text\/css\" data-created_by=\"avia_inline_auto\" id=\"style-css-av-av_one_full-15d750bd1b332b34c6e70b077ebbccdf\">\n.flex_column.av-av_one_full-15d750bd1b332b34c6e70b077ebbccdf{\n-webkit-border-radius:0px 0px 0px 0px;\n-moz-border-radius:0px 0px 0px 0px;\nborder-radius:0px 0px 0px 0px;\npadding:0px 0px 0px 0px;\n}\n<\/style>\n<div class='flex_column av-av_one_full-15d750bd1b332b34c6e70b077ebbccdf av_one_full  avia-builder-el-0  avia-builder-el-no-sibling  first flex_column_div av-zero-column-padding '     ><section  class='av_textblock_section av-av_textblock-2bd894dbf2e4bf2c4acf98ce4fbf94aa'  itemscope=\"itemscope\" itemtype=\"https:\/\/schema.org\/CreativeWork\" ><div class='avia_textblock'  itemprop=\"text\" ><div class=\" medium-8 large-12 columns\">\n<h1>Faq<\/h1>\n<p><strong>Ben\u00f6tige ich ein Rezept f\u00fcr bioXtra?<br \/>\n<\/strong>Nein, bioXtra Produkte sind ohne Rezept in der Apotheke, beim Drogisten oder in Webshops erh\u00e4ltlich.<\/p>\n<p><strong>Was bedeutet das Symbol medizinisches Hilfsmittel auf den bioXtra Produkten?<br \/>\n<\/strong>bioXtra Produkte sind als medizinische Hilfsmittel Klasse IIa registriert. Diese Klassifizierung best\u00e4tigt, dass die Produkte nachweislich effektiv und sicher sind.<\/p>\n<p><strong>Ich nehme Medikamente, kann ich bioXtra trotzdem benutzen?<br \/>\n<\/strong>Es gibt keine bekannten Wechselwirkungen zwischen bioXtra-Produkten und Medikamenten, und sie k\u00f6nnen sicher zusammen verwendet werden. Falls Sie Fragen zu diesem Thema haben oder wenn Sie Nebenwirkungen bei der Verwendung von bioXtra-Produkten bemerken, sollten Sie mit Ihrem Apotheker oder mit dem Hersteller Kontakt aufnehmen.<\/p>\n<p><strong>Wie bringe ich bioXtra Mundgel an?<br \/>\n<\/strong>Waschen Sie vor der Benutzung gr\u00fcndlich Ihre H\u00e4nde. Bringen Sie das Gel mit dem Finger oder mit einem sauberen Wattest\u00e4bchen gro\u00dfz\u00fcgig auf den Mundschleimh\u00e4uten und der Zunge oder unter der Gebissprothese an, wann immer sich Ihr Mund trocken anf\u00fchlt, vor allem nachts. Verteilen Sie das Gel mit Ihrer Zunge an der Innenseite der Lippen, der Wangen und am Gaumen.<\/p>\n<p>Spucken Sie das \u00fcbersch\u00fcssige Gel aus. So oft wie n\u00f6tig wiederholen.<\/p>\n<p><strong>Wie kann ich am Besten bioXtra Mundgel im Mund eines Patienten anbringen?<br \/>\n<\/strong>Wenn ein Patient nicht in der Lage ist, selbst das Gel aufzutragen, ist die einfachste Art die, das Gel mit dem Finger aufzutragen, wobei Sie einen Einmalhandschuh oder einen Fingerling tragen. Bringen Sie das Gel auf den Wangen, der Zunge und dem Gaumen an und vergessen Sie auch den Mundboden nicht. Sie k\u00f6nnen auch ein Wattest\u00e4bchen oder Gaze verwenden, achten Sie dann aber darauf, dass Sie mehr Gel verwenden, da ein Teil absorbiert werden wird.<\/p>\n<p>bioXtra Mundgel kann auch mit einer PEG-Sonde oder w\u00e4hrend einer Sauerstoffbehandlung verwendet werden.<\/p>\n<p><strong>Wie lange dauert es, ehe ich die Wirkung der bioXtra Produkte merke?<br \/>\n<\/strong>Je nach Ihrer pers\u00f6nlichen Situation k\u00f6nnen Sie innerhalb von 10 Tagen eine Wirkung erwarten. Das beste Resultat erzielen Sie, wenn Sie die Produkte des t\u00e4glichen Pflegeprogramms verwenden. Alkohol in kosmetischen Mundsp\u00fclmitteln oder Schaummittel in normaler Zahnpasta k\u00f6nnen die Wirkung der Enzyme aufheben, vermeiden Sie also die gleichzeitige Verwendung derartiger Produkte mit bioXtra.<\/p>\n<p><strong>Kann ich bioXtra Mundgel unter meiner Gebissprothese verwenden?<br \/>\n<\/strong>Ja. Wenn Sie zu wenig Speichel haben, haftet Ihre Gebissprothese nicht gut, weil zu wenig Saugeffekt gegeben ist. Wenn Sie bioXtra Mundgel unter Ihrer Gebissprothese anbringen, l\u00e4sst sie sich angenehmer tragen.<\/p>\n<p><strong>Wie lange wirkt bioXtra Mundgel?<br \/>\n<\/strong>Je trockener der Mund ist, desto besser bleibt das Mundgel an seinem Platz. F\u00fcr lang anhaltende Hydratisierung in der Nacht bringen Sie am besten bioXtra Mundgel direkt vor dem Schlafengehen an.<\/p>\n<p><strong>Kann ich bioXtra Gel Mundspray auch im Laufe der Nacht verwenden?<br \/>\n<\/strong>bioXtra Gel Mundspray ist sehr praktisch f\u00fcr die Benutzung am Tag, es kann aber bei milden Beschwerden auch nachts verwendet werden.<br \/>\nF\u00fcr eine lang anhaltende Wirkung w\u00e4hrend der Nacht wird bioXtra Mundgel empfohlen.<\/p>\n<p><strong>Auf der Liste der Inhaltsstoffe steht Glucose-Oxidase. Ist das ein Zucker?<br \/>\n<\/strong>Nein, Glucose-Oxidase ist kein Zucker, sondern ein Enzym, das durch Glukose in unserer Ern\u00e4hrung und Getr\u00e4nken aktiviert wird. Bei dieser Aktivierung wird der Glukosegehalt in Ihrem Mund sogar gesenkt, weil es durch das Enzym verbraucht wird. Glukose Oxidase schadet Ihren Z\u00e4hnen nicht.<\/p>\n<p><strong>Warum ist bioXtra Milde Zahnpaste gering sch\u00e4umend?<br \/>\n<\/strong>bioXtra Milde Zahnpasta enth\u00e4lt kein SLS. SLS (Natriumlaurylsulfat) ist ein Schaummittel, das \u2013 in manchen F\u00e4llen \u2013 schmerzhafte Stellen (Aften) im Mund verursachen kann. Bei Mundtrockenheit treten diese h\u00e4ufiger auf wegen des mangelnden Schutzmechanismus, der normalerweise im Speichel gegeben ist. Die Verwendung der bioXtra Milde Zahnpasta hilft dabei, die Bildung von Aften zu vermindern.<\/p>\n<p><strong>Manche bioXtra Produkte enthalten Limonene. Kann ich diese Produkte verwenden?<br \/>\n<\/strong>Das Vorhandensein von Limonene ist im Hinblick auf eine Hautallergie unwichtig, wenn sie im Mund verwendet werden. Wenn Sie eine Apfelsine essen oder Orangensaft trinken, ist die Konzentration an Limonene im Mund und auf den Lippen viel h\u00f6her. Wenn Sie allerdings eine Allergie gegen Limonene haben, wird empfohlen, die Produkte, die Limonene enthalten, zu vermeiden, wie die Ultra Milde Mundsp\u00fclung und die Milde Zahnpasta. Sie k\u00f6nnen das Mundgel und das Gel Mundspray problemlos benutzen. Konsultieren Sie einen (Zahn-) Arzt, wenn Sie Zweifel haben, was Sie benutzen d\u00fcrfen.<\/p>\n<p><strong>Darf ich bioXtra Ultra Milde Mundsp\u00fclung herunterschlucken?<\/strong>.<br \/>\nNein, bioXtra Ultra Milde Mundsp\u00fclung ist nicht zum Herunterschlucken geeignet.<\/p>\n<p><strong>Muss ich nach der Benutzung von bioXtra Ultra Milde Mundsp\u00fclung meinen Mund mit Wasser nachsp\u00fclen?<br \/>\n<\/strong>Nein, spucken Sie nur aus, aber sp\u00fclen Sie nicht mit Wasser nach. Wenn Sie nur ausspucken, profitieren Sie am meisten von den in der Mundsp\u00fclung vorhandenen Enzymen.<\/p>\n<p><strong>Wie oft kann ich bioXtra Ultra Milde Mundsp\u00fclung verwenden?<br \/>\n<\/strong>bioXtra Ultra Milde Mundsp\u00fclung enth\u00e4lt 1500 ppm Fluoride. Sp\u00fclen Sie nicht mehr als 5 x am Tag.<\/p>\n<p><strong>Kann jeder Mensch bioXtra Zahnpasta und Mundsp\u00fclung verwenden, auch wenn man nicht unter Mundtrockenheit leidet?<br \/>\n<\/strong>Ja, bioXtra Zahnpasta und Mundsp\u00fclung sind f\u00fcr jedermann geeignet. Sie enthalten Enzyme, die auch in nat\u00fcrlichem Speichel vorhanden sind. Zahnpasta und Mundsp\u00fclung sind f\u00fcr Kinder ab 6 Jahren geeignet. Beaufsichtigen Sie die Verwendung, bis das Kind alt genug ist, die Produkte selbstst\u00e4ndig zu benutzen.<\/p>\n<p><strong>Warum muss ich die Tuben und Flaschen nach der Verwendung wieder verschlie\u00dfen?<br \/>\n<\/strong>Die Enzyme in den bioXtra Produkten werden durch Sauerstoff aktiviert. Wenn Sie die Verpackungen offen lassen, kann Sauerstoff eindringen und so die Wirkung des Produkts verringern.<\/p>\n<\/div>\n<\/div><\/section><\/div>\n","protected":false},"excerpt":{"rendered":"","protected":false},"author":3,"featured_media":0,"parent":588,"menu_order":0,"comment_status":"closed","ping_status":"closed","template":"","meta":{"footnotes":""},"class_list":["post-600","page","type-page","status-publish","hentry"],"_links":{"self":[{"href":"https:\/\/bioxtra.be\/de\/wp-json\/wp\/v2\/pages\/600","targetHints":{"allow":["GET"]}}],"collection":[{"href":"https:\/\/bioxtra.be\/de\/wp-json\/wp\/v2\/pages"}],"about":[{"href":"https:\/\/bioxtra.be\/de\/wp-json\/wp\/v2\/types\/page"}],"author":[{"embeddable":true,"href":"https:\/\/bioxtra.be\/de\/wp-json\/wp\/v2\/users\/3"}],"replies":[{"embeddable":true,"href":"https:\/\/bioxtra.be\/de\/wp-json\/wp\/v2\/comments?post=600"}],"version-history":[{"count":0,"href":"https:\/\/bioxtra.be\/de\/wp-json\/wp\/v2\/pages\/600\/revisions"}],"up":[{"embeddable":true,"href":"https:\/\/bioxtra.be\/de\/wp-json\/wp\/v2\/pages\/588"}],"wp:attachment":[{"href":"https:\/\/bioxtra.be\/de\/wp-json\/wp\/v2\/media?parent=600"}],"curies":[{"name":"wp","href":"https:\/\/api.w.org\/{rel}","templated":true}]}}