{"id":597,"date":"2019-12-17T22:04:23","date_gmt":"2019-12-17T22:04:23","guid":{"rendered":"https:\/\/bioxtra.be\/?page_id=597"},"modified":"2020-01-14T16:13:50","modified_gmt":"2020-01-14T16:13:50","slug":"mundtrockenheit","status":"publish","type":"page","link":"https:\/\/bioxtra.be\/de\/emphehlung\/mundtrockenheit\/","title":{"rendered":"Mundtrockenheit"},"content":{"rendered":"\n<style type=\"text\/css\" data-created_by=\"avia_inline_auto\" id=\"style-css-av-av_one_full-15d750bd1b332b34c6e70b077ebbccdf\">\n.flex_column.av-av_one_full-15d750bd1b332b34c6e70b077ebbccdf{\n-webkit-border-radius:0px 0px 0px 0px;\n-moz-border-radius:0px 0px 0px 0px;\nborder-radius:0px 0px 0px 0px;\npadding:0px 0px 0px 0px;\n}\n<\/style>\n<div class='flex_column av-av_one_full-15d750bd1b332b34c6e70b077ebbccdf av_one_full  avia-builder-el-0  avia-builder-el-no-sibling  first flex_column_div av-zero-column-padding '     ><section  class='av_textblock_section av-av_textblock-2bd894dbf2e4bf2c4acf98ce4fbf94aa'  itemscope=\"itemscope\" itemtype=\"https:\/\/schema.org\/CreativeWork\" ><div class='avia_textblock'  itemprop=\"text\" ><h1>MUNDTROCKENHEIT<\/h1>\n<p><strong><span style=\"color: #ff0000;\">1 von 4 Erwachsenen leidet unter Mundtrockenheit.<\/span><\/strong><\/p>\n<h3>Speichelmangel<\/h3>\n<p>Wie wichtig Speichel ist, wissen die wenigsten, darum wird er h\u00e4ufig untersch\u00e4tzt. Wenn man allerdings an Speichelmangel leidet, wird schnell deutlich, welche wichtige Rolle Speichel f\u00fcr die Gesundheit des Mundes spielt und welchen Einfluss er auf unsere Lebensqualit\u00e4t hat.<\/p>\n<h3>Ursachen f\u00fcr Mundtrockenheit<\/h3>\n<p>Verschiedene Ursachen sind f\u00fcr die Entstehung von Mundtrockenheit (Xerostomie) bekannt:<\/p>\n<p><strong>Die Einnahme von Medikamenten ist die h\u00e4ufigste Ursache. Weltweit gibt es mehr als 1800 h\u00e4ufig vorgeschriebene Medikamente, bei denen Mundtrockenheit als Nebenwirkung bekannt ist. Medikamente, die h\u00e4ufig vorgeschrieben werden und von denen bekannt ist, dass sie Mundtrockenheit verursachen k\u00f6nnen, sind:<\/strong><\/p>\n<ul>\n<li>Antihypertensiva<\/li>\n<li>Antihistaminika<\/li>\n<li>Antidepressiva<\/li>\n<li>Antipsychotika<\/li>\n<li>Anti-Parkinson-Medikamente<\/li>\n<\/ul>\n<p><strong>Chronische Erkrankungen k\u00f6nnen ebenfalls zu dauerhaften Beschwerden durch Mundtrockenheit f\u00fchren, wie:<\/strong><\/p>\n<ul>\n<li>Sj\u00f6gren-Syndrom<\/li>\n<li>Diabetes<\/li>\n<li>Lupus Erythematosus<\/li>\n<li>Reumatoide Arthritis<\/li>\n<\/ul>\n<p>Weitere h\u00e4ufig vorkommende Ursachen sind:<\/p>\n<ul>\n<li>Radiotherapie oder Chirurgie im Kopf-Hals-Gebiet<\/li>\n<li>Chemotherapie<\/li>\n<li>Hormonelle Ver\u00e4nderungen und Stress<\/li>\n<\/ul>\n<p><em>Nehmen Sie mit Ihrem Zahnarzt oder Arzt Kontakt auf, wenn Sie die Beschwerden l\u00e4nger haben.<\/em><\/p>\n<h3>Symptome bei Mundtrockenheit<\/h3>\n<p><strong>Mundtrockenheit (Xerostomie) kann folgende Beschwerden verursachen:<\/strong><\/p>\n<ul>\n<li>Probleme beim Kauen, Schlucken und Sprechen<\/li>\n<li>Mundgeruch<\/li>\n<li>Eingerissene Mundwinkel<\/li>\n<li>Trockene, gesprungene Lippen<\/li>\n<li>Ver\u00e4nderter Geschmack<\/li>\n<li>Gest\u00f6rte Nachtruhe durch Durstgef\u00fchl<\/li>\n<\/ul>\n<p><strong>Neben dem unangenehmen Gef\u00fchl und den Beschwerden kann Mundtrockenheit auch der Anlass f\u00fcr die Entstehung zahnmedizinischer Probleme sein wie:<\/strong><\/p>\n<ul>\n<li>Irritiertes Zahnfleisch<\/li>\n<li>Brennendes Gef\u00fchl auf dem Zahnfleisch und der Zunge<\/li>\n<li>Vermehrter Zahnbelag<\/li>\n<li>Erh\u00f6htes Risiko f\u00fcr Lochbildung<\/li>\n<li>Erh\u00f6htes Risiko f\u00fcr Zahnerosion<\/li>\n<li>Erh\u00f6htes Risiko f\u00fcr Zahnfleischentz\u00fcndungen<\/li>\n<li>Schlecht sitzende Gebissprothese<\/li>\n<\/ul>\n<\/div><\/section><\/div>\n","protected":false},"excerpt":{"rendered":"","protected":false},"author":3,"featured_media":0,"parent":588,"menu_order":0,"comment_status":"closed","ping_status":"closed","template":"","meta":{"footnotes":""},"class_list":["post-597","page","type-page","status-publish","hentry"],"_links":{"self":[{"href":"https:\/\/bioxtra.be\/de\/wp-json\/wp\/v2\/pages\/597","targetHints":{"allow":["GET"]}}],"collection":[{"href":"https:\/\/bioxtra.be\/de\/wp-json\/wp\/v2\/pages"}],"about":[{"href":"https:\/\/bioxtra.be\/de\/wp-json\/wp\/v2\/types\/page"}],"author":[{"embeddable":true,"href":"https:\/\/bioxtra.be\/de\/wp-json\/wp\/v2\/users\/3"}],"replies":[{"embeddable":true,"href":"https:\/\/bioxtra.be\/de\/wp-json\/wp\/v2\/comments?post=597"}],"version-history":[{"count":0,"href":"https:\/\/bioxtra.be\/de\/wp-json\/wp\/v2\/pages\/597\/revisions"}],"up":[{"embeddable":true,"href":"https:\/\/bioxtra.be\/de\/wp-json\/wp\/v2\/pages\/588"}],"wp:attachment":[{"href":"https:\/\/bioxtra.be\/de\/wp-json\/wp\/v2\/media?parent=597"}],"curies":[{"name":"wp","href":"https:\/\/api.w.org\/{rel}","templated":true}]}}