{"id":588,"date":"2019-12-17T21:30:39","date_gmt":"2019-12-17T21:30:39","guid":{"rendered":"https:\/\/bioxtra.be\/?page_id=588"},"modified":"2021-11-04T19:55:41","modified_gmt":"2021-11-04T19:55:41","slug":"emphehlung","status":"publish","type":"page","link":"https:\/\/bioxtra.be\/de\/emphehlung\/","title":{"rendered":"emphehlung"},"content":{"rendered":"\n<style type=\"text\/css\" data-created_by=\"avia_inline_auto\" id=\"style-css-av-av_one_full-15d750bd1b332b34c6e70b077ebbccdf\">\n.flex_column.av-av_one_full-15d750bd1b332b34c6e70b077ebbccdf{\n-webkit-border-radius:0px 0px 0px 0px;\n-moz-border-radius:0px 0px 0px 0px;\nborder-radius:0px 0px 0px 0px;\npadding:0px 0px 0px 0px;\n}\n<\/style>\n<div class='flex_column av-av_one_full-15d750bd1b332b34c6e70b077ebbccdf av_one_full  avia-builder-el-0  avia-builder-el-no-sibling  first flex_column_div av-zero-column-padding '     ><section  class='av_textblock_section av-av_textblock-2bd894dbf2e4bf2c4acf98ce4fbf94aa'  itemscope=\"itemscope\" itemtype=\"https:\/\/schema.org\/CreativeWork\" ><div class='avia_textblock'  itemprop=\"text\" ><div class=\" medium-8 large-12 columns\">\n<h1>Empfehlung<\/h1>\n<ul>\n<li>Vermeiden Sie trockene und klebrige Lebensmittel<\/li>\n<li>Schr\u00e4nken Sie den Verzehr von Kaffee und Erfrischungsgetr\u00e4nken (auch Light) ein.<\/li>\n<li>Kauen Sie regelm\u00e4\u00dfig ein St\u00fcck Gurke, M\u00f6hre oder zuckerfreien Kaugummi<\/li>\n<li>Vermeiden Sie Alkohol und Zigaretten<\/li>\n<li>Besuchen Sie regelm\u00e4\u00dfig Ihren Zahnarzt oder Dentalhygieniker<\/li>\n<\/ul>\n<p><strong>Das t\u00e4gliche Mundpflegeprogramm von bioXtra<\/strong><\/p>\n<p>Drei einfache Schritte zu einem angenehmeren Gef\u00fchl. Spezielle Bestandteile in bioXtra sorgen direkt f\u00fcr Hydration und unterst\u00fctzen die Pflege des Mikromilieus im Mund.<\/p>\n<p><strong>Schritt 1 \u2013 Reinigen<br \/>\n<\/strong>Putzen Sie Z\u00e4hne und Zahnfleisch mindestens 2 Mal t\u00e4glich mit <span style=\"color: #014da1;\"><a style=\"color: #014da1;\" href=\"#\">bioXtra Milde Zahnpasta<\/a>.<\/span><\/p>\n<p><strong>Schritt 2 \u2013 Sp\u00fclen<br \/>\n<\/strong>Sp\u00fclen Sie mit <a href=\"#\"><span style=\"color: #014da1;\">bioXtra Ultra Milde Mundsp\u00fclung<\/span><\/a> nach dem Z\u00e4hneputzen und je nach Bedarf regelm\u00e4\u00dfig im Laufe des Tages f\u00fcr zus\u00e4tzliche Frische und ein angenehmes Gef\u00fchl.<\/p>\n<p><strong>Schritt 3 \u2013 Hydration<br \/>\n<\/strong>F\u00fcr lang anhaltende Hydration und Komfort, vor allem w\u00e4hrend der Nacht, tragen Sie <a href=\"#\"><span style=\"color: #014da1;\">bioXtra Mundge<\/span>l<\/a> auf die Schleimh\u00e4ute oder unter der Zahnprothese auf.<\/p>\n<p>F\u00fcr Komfort und direkte Hydration im Laufe des Tages spr\u00fchen Sie <a href=\"#\"><span style=\"color: #014da1;\">bioXtra Gel Mundspray<\/span><\/a> direkt in den Mund, so oft Sie w\u00fcnschen.<\/p>\n<p>Wenn Sie die Produkte jeden Tag in Kombination nutzen, sorgen die einzigartigen Bestandteile in bioXtra daf\u00fcr, dass die Symptome der Mundtrockenheit (Xerostomie) auf milde Art und Weise gelindert werden, sie schenken Ihrem Mund Tag und Nacht ein frisches Gef\u00fchl und sorgen f\u00fcr eine gute Mundhygiene.<\/p>\n<\/div>\n<\/div><\/section><\/div>\n","protected":false},"excerpt":{"rendered":"","protected":false},"author":3,"featured_media":0,"parent":0,"menu_order":0,"comment_status":"closed","ping_status":"closed","template":"","meta":{"footnotes":""},"class_list":["post-588","page","type-page","status-publish","hentry"],"_links":{"self":[{"href":"https:\/\/bioxtra.be\/de\/wp-json\/wp\/v2\/pages\/588","targetHints":{"allow":["GET"]}}],"collection":[{"href":"https:\/\/bioxtra.be\/de\/wp-json\/wp\/v2\/pages"}],"about":[{"href":"https:\/\/bioxtra.be\/de\/wp-json\/wp\/v2\/types\/page"}],"author":[{"embeddable":true,"href":"https:\/\/bioxtra.be\/de\/wp-json\/wp\/v2\/users\/3"}],"replies":[{"embeddable":true,"href":"https:\/\/bioxtra.be\/de\/wp-json\/wp\/v2\/comments?post=588"}],"version-history":[{"count":0,"href":"https:\/\/bioxtra.be\/de\/wp-json\/wp\/v2\/pages\/588\/revisions"}],"wp:attachment":[{"href":"https:\/\/bioxtra.be\/de\/wp-json\/wp\/v2\/media?parent=588"}],"curies":[{"name":"wp","href":"https:\/\/api.w.org\/{rel}","templated":true}]}}